{"id":4376,"date":"2026-02-18T17:54:48","date_gmt":"2026-02-18T17:54:48","guid":{"rendered":"https:\/\/keflavikurbudin.is\/?post_type=product&#038;p=4376"},"modified":"2026-02-18T17:54:48","modified_gmt":"2026-02-18T17:54:48","slug":"blatt-barnasett-karfan","status":"publish","type":"product","link":"https:\/\/keflavikurbudin.is\/?product=blatt-barnasett-karfan","title":{"rendered":"Bl\u00e1tt barnasett &#8211; karfan"},"content":{"rendered":"<p>Bl\u00e1tt\u00a0 \u00a0keppnissett\u00a0 meistaraflokka Keflav\u00edkur &#8211; sett me\u00f0 treyju og stuttbuxum<\/p>\n<p>Athugi\u00f0 a\u00f0 \u00feetta er EKKI keppnisb\u00faningur yngri flokka<\/p>\n<p>ATH !!\u00a0 \u00a0Ef \u00fei\u00f0 \u00f3ski\u00f0 eftir nafni e\u00f0a n\u00fameri aftan\u00e1 \u00fe\u00e1 \u00fearf a\u00f0 setja \u00fea\u00f0 \u00ed reit \u00ed grei\u00f0sluferli sem heitir Sk\u00fdring me\u00f0 p\u00f6ntun.<\/p>\n<p>Eftir p\u00f6ntun er afhending um \u00fea\u00f0 bil viku seinna \u00e1 Sunnubraut<\/p>\n","protected":false},"excerpt":{"rendered":"<p>Bl\u00e1tt\u00a0 \u00a0keppnissett\u00a0 meistaraflokka Keflav\u00edkur &#8211; sett me\u00f0 treyju og stuttbuxum Athugi\u00f0 a\u00f0 \u00feetta er EKKI keppnisb\u00faningur yngri flokka ATH !!\u00a0 \u00a0Ef \u00fei\u00f0 \u00f3ski\u00f0 eftir nafni e\u00f0a n\u00fameri aftan\u00e1 \u00fe\u00e1 \u00fearf a\u00f0 setja \u00fea\u00f0 \u00ed reit \u00ed grei\u00f0sluferli sem heitir Sk\u00fdring me\u00f0 p\u00f6ntun. Eftir p\u00f6ntun er afhending um \u00fea\u00f0 bil viku seinna \u00e1 Sunnubraut<\/p>\n","protected":false},"featured_media":4360,"template":"","meta":[],"product_brand":[],"product_cat":[25,27],"product_tag":[],"class_list":{"0":"post-4376","1":"product","2":"type-product","3":"status-publish","4":"has-post-thumbnail","6":"product_cat-karfan","7":"product_cat-keflavikurvorur","9":"first","10":"instock","11":"shipping-taxable","12":"purchasable","13":"product-type-variable"},"yoast_head":"<!-- This site is optimized with the Yoast SEO plugin v26.8 - https:\/\/yoast.com\/product\/yoast-seo-wordpress\/ -->\n<title>Bl\u00e1tt barnasett - karfan - Keflav\u00edkurb\u00fa\u00f0in<\/title>\n<meta name=\"robots\" content=\"index, follow, max-snippet:-1, max-image-preview:large, max-video-preview:-1\" \/>\n<link rel=\"canonical\" href=\"https:\/\/keflavikurbudin.is\/?product=blatt-barnasett-karfan\" \/>\n<meta property=\"og:locale\" content=\"is_IS\" \/>\n<meta property=\"og:type\" content=\"article\" \/>\n<meta property=\"og:title\" content=\"Bl\u00e1tt barnasett - karfan - Keflav\u00edkurb\u00fa\u00f0in\" \/>\n<meta property=\"og:description\" content=\"Bl\u00e1tt\u00a0 \u00a0keppnissett\u00a0 meistaraflokka Keflav\u00edkur &#8211; sett me\u00f0 treyju og stuttbuxum Athugi\u00f0 a\u00f0 \u00feetta er EKKI keppnisb\u00faningur yngri flokka ATH !!\u00a0 \u00a0Ef \u00fei\u00f0 \u00f3ski\u00f0 eftir nafni e\u00f0a n\u00fameri aftan\u00e1 \u00fe\u00e1 \u00fearf a\u00f0 setja \u00fea\u00f0 \u00ed reit \u00ed grei\u00f0sluferli sem heitir Sk\u00fdring me\u00f0 p\u00f6ntun. Eftir p\u00f6ntun er afhending um \u00fea\u00f0 bil viku seinna \u00e1 Sunnubraut\" \/>\n<meta property=\"og:url\" content=\"https:\/\/keflavikurbudin.is\/?product=blatt-barnasett-karfan\" \/>\n<meta property=\"og:site_name\" content=\"Keflav\u00edkurb\u00fa\u00f0in\" \/>\n<meta property=\"og:image\" content=\"https:\/\/keflavikurbudin.is\/wp-content\/uploads\/2026\/02\/Blar-buningur-HGH-683x1024.png\" \/>\n\t<meta property=\"og:image:width\" content=\"683\" \/>\n\t<meta property=\"og:image:height\" content=\"1024\" \/>\n\t<meta property=\"og:image:type\" content=\"image\/png\" \/>\n<meta name=\"twitter:card\" content=\"summary_large_image\" \/>\n<meta name=\"twitter:label1\" content=\"Est. reading time\" \/>\n\t<meta name=\"twitter:data1\" content=\"1 minute\" \/>\n<script type=\"application\/ld+json\" class=\"yoast-schema-graph\">{\"@context\":\"https:\/\/schema.org\",\"@graph\":[{\"@type\":\"WebPage\",\"@id\":\"https:\/\/keflavikurbudin.is\/?product=blatt-barnasett-karfan\",\"url\":\"https:\/\/keflavikurbudin.is\/?product=blatt-barnasett-karfan\",\"name\":\"Bl\u00e1tt barnasett - karfan - Keflav\u00edkurb\u00fa\u00f0in\",\"isPartOf\":{\"@id\":\"https:\/\/keflavikurbudin.is\/#website\"},\"primaryImageOfPage\":{\"@id\":\"https:\/\/keflavikurbudin.is\/?product=blatt-barnasett-karfan#primaryimage\"},\"image\":{\"@id\":\"https:\/\/keflavikurbudin.is\/?product=blatt-barnasett-karfan#primaryimage\"},\"thumbnailUrl\":\"https:\/\/keflavikurbudin.is\/wp-content\/uploads\/2026\/02\/Blar-buningur-HGH.png\",\"datePublished\":\"2026-02-18T17:54:48+00:00\",\"breadcrumb\":{\"@id\":\"https:\/\/keflavikurbudin.is\/?product=blatt-barnasett-karfan#breadcrumb\"},\"inLanguage\":\"is\",\"potentialAction\":[{\"@type\":\"ReadAction\",\"target\":[\"https:\/\/keflavikurbudin.is\/?product=blatt-barnasett-karfan\"]}]},{\"@type\":\"ImageObject\",\"inLanguage\":\"is\",\"@id\":\"https:\/\/keflavikurbudin.is\/?product=blatt-barnasett-karfan#primaryimage\",\"url\":\"https:\/\/keflavikurbudin.is\/wp-content\/uploads\/2026\/02\/Blar-buningur-HGH.png\",\"contentUrl\":\"https:\/\/keflavikurbudin.is\/wp-content\/uploads\/2026\/02\/Blar-buningur-HGH.png\",\"width\":4181,\"height\":6268},{\"@type\":\"BreadcrumbList\",\"@id\":\"https:\/\/keflavikurbudin.is\/?product=blatt-barnasett-karfan#breadcrumb\",\"itemListElement\":[{\"@type\":\"ListItem\",\"position\":1,\"name\":\"Home\",\"item\":\"https:\/\/keflavikurbudin.is\/\"},{\"@type\":\"ListItem\",\"position\":2,\"name\":\"Allar v\u00f6rur-test\",\"item\":\"https:\/\/keflavikurbudin.is\/?page_id=5\"},{\"@type\":\"ListItem\",\"position\":3,\"name\":\"Bl\u00e1tt barnasett &#8211; karfan\"}]},{\"@type\":\"WebSite\",\"@id\":\"https:\/\/keflavikurbudin.is\/#website\",\"url\":\"https:\/\/keflavikurbudin.is\/\",\"name\":\"Keflav\u00edkurb\u00fa\u00f0in\",\"description\":\"\",\"publisher\":{\"@id\":\"https:\/\/keflavikurbudin.is\/#organization\"},\"potentialAction\":[{\"@type\":\"SearchAction\",\"target\":{\"@type\":\"EntryPoint\",\"urlTemplate\":\"https:\/\/keflavikurbudin.is\/?s={search_term_string}\"},\"query-input\":{\"@type\":\"PropertyValueSpecification\",\"valueRequired\":true,\"valueName\":\"search_term_string\"}}],\"inLanguage\":\"is\"},{\"@type\":\"Organization\",\"@id\":\"https:\/\/keflavikurbudin.is\/#organization\",\"name\":\"Keflav\u00edkurb\u00fa\u00f0in\",\"url\":\"https:\/\/keflavikurbudin.is\/\",\"logo\":{\"@type\":\"ImageObject\",\"inLanguage\":\"is\",\"@id\":\"https:\/\/keflavikurbudin.is\/#\/schema\/logo\/image\/\",\"url\":\"https:\/\/keflavikurbudin.is\/wp-content\/uploads\/2020\/12\/cropped-373_kefl_rgb.jpg\",\"contentUrl\":\"https:\/\/keflavikurbudin.is\/wp-content\/uploads\/2020\/12\/cropped-373_kefl_rgb.jpg\",\"width\":896,\"height\":942,\"caption\":\"Keflav\u00edkurb\u00fa\u00f0in\"},\"image\":{\"@id\":\"https:\/\/keflavikurbudin.is\/#\/schema\/logo\/image\/\"}}]}<\/script>\n<!-- \/ Yoast SEO plugin. -->","yoast_head_json":{"title":"Bl\u00e1tt barnasett - karfan - Keflav\u00edkurb\u00fa\u00f0in","robots":{"index":"index","follow":"follow","max-snippet":"max-snippet:-1","max-image-preview":"max-image-preview:large","max-video-preview":"max-video-preview:-1"},"canonical":"https:\/\/keflavikurbudin.is\/?product=blatt-barnasett-karfan","og_locale":"is_IS","og_type":"article","og_title":"Bl\u00e1tt barnasett - karfan - Keflav\u00edkurb\u00fa\u00f0in","og_description":"Bl\u00e1tt\u00a0 \u00a0keppnissett\u00a0 meistaraflokka Keflav\u00edkur &#8211; sett me\u00f0 treyju og stuttbuxum Athugi\u00f0 a\u00f0 \u00feetta er EKKI keppnisb\u00faningur yngri flokka ATH !!\u00a0 \u00a0Ef \u00fei\u00f0 \u00f3ski\u00f0 eftir nafni e\u00f0a n\u00fameri aftan\u00e1 \u00fe\u00e1 \u00fearf a\u00f0 setja \u00fea\u00f0 \u00ed reit \u00ed grei\u00f0sluferli sem heitir Sk\u00fdring me\u00f0 p\u00f6ntun. Eftir p\u00f6ntun er afhending um \u00fea\u00f0 bil viku seinna \u00e1 Sunnubraut","og_url":"https:\/\/keflavikurbudin.is\/?product=blatt-barnasett-karfan","og_site_name":"Keflav\u00edkurb\u00fa\u00f0in","og_image":[{"width":683,"height":1024,"url":"https:\/\/keflavikurbudin.is\/wp-content\/uploads\/2026\/02\/Blar-buningur-HGH-683x1024.png","type":"image\/png"}],"twitter_card":"summary_large_image","twitter_misc":{"Est. reading time":"1 minute"},"schema":{"@context":"https:\/\/schema.org","@graph":[{"@type":"WebPage","@id":"https:\/\/keflavikurbudin.is\/?product=blatt-barnasett-karfan","url":"https:\/\/keflavikurbudin.is\/?product=blatt-barnasett-karfan","name":"Bl\u00e1tt barnasett - karfan - Keflav\u00edkurb\u00fa\u00f0in","isPartOf":{"@id":"https:\/\/keflavikurbudin.is\/#website"},"primaryImageOfPage":{"@id":"https:\/\/keflavikurbudin.is\/?product=blatt-barnasett-karfan#primaryimage"},"image":{"@id":"https:\/\/keflavikurbudin.is\/?product=blatt-barnasett-karfan#primaryimage"},"thumbnailUrl":"https:\/\/keflavikurbudin.is\/wp-content\/uploads\/2026\/02\/Blar-buningur-HGH.png","datePublished":"2026-02-18T17:54:48+00:00","breadcrumb":{"@id":"https:\/\/keflavikurbudin.is\/?product=blatt-barnasett-karfan#breadcrumb"},"inLanguage":"is","potentialAction":[{"@type":"ReadAction","target":["https:\/\/keflavikurbudin.is\/?product=blatt-barnasett-karfan"]}]},{"@type":"ImageObject","inLanguage":"is","@id":"https:\/\/keflavikurbudin.is\/?product=blatt-barnasett-karfan#primaryimage","url":"https:\/\/keflavikurbudin.is\/wp-content\/uploads\/2026\/02\/Blar-buningur-HGH.png","contentUrl":"https:\/\/keflavikurbudin.is\/wp-content\/uploads\/2026\/02\/Blar-buningur-HGH.png","width":4181,"height":6268},{"@type":"BreadcrumbList","@id":"https:\/\/keflavikurbudin.is\/?product=blatt-barnasett-karfan#breadcrumb","itemListElement":[{"@type":"ListItem","position":1,"name":"Home","item":"https:\/\/keflavikurbudin.is\/"},{"@type":"ListItem","position":2,"name":"Allar v\u00f6rur-test","item":"https:\/\/keflavikurbudin.is\/?page_id=5"},{"@type":"ListItem","position":3,"name":"Bl\u00e1tt barnasett &#8211; karfan"}]},{"@type":"WebSite","@id":"https:\/\/keflavikurbudin.is\/#website","url":"https:\/\/keflavikurbudin.is\/","name":"Keflav\u00edkurb\u00fa\u00f0in","description":"","publisher":{"@id":"https:\/\/keflavikurbudin.is\/#organization"},"potentialAction":[{"@type":"SearchAction","target":{"@type":"EntryPoint","urlTemplate":"https:\/\/keflavikurbudin.is\/?s={search_term_string}"},"query-input":{"@type":"PropertyValueSpecification","valueRequired":true,"valueName":"search_term_string"}}],"inLanguage":"is"},{"@type":"Organization","@id":"https:\/\/keflavikurbudin.is\/#organization","name":"Keflav\u00edkurb\u00fa\u00f0in","url":"https:\/\/keflavikurbudin.is\/","logo":{"@type":"ImageObject","inLanguage":"is","@id":"https:\/\/keflavikurbudin.is\/#\/schema\/logo\/image\/","url":"https:\/\/keflavikurbudin.is\/wp-content\/uploads\/2020\/12\/cropped-373_kefl_rgb.jpg","contentUrl":"https:\/\/keflavikurbudin.is\/wp-content\/uploads\/2020\/12\/cropped-373_kefl_rgb.jpg","width":896,"height":942,"caption":"Keflav\u00edkurb\u00fa\u00f0in"},"image":{"@id":"https:\/\/keflavikurbudin.is\/#\/schema\/logo\/image\/"}}]}},"jetpack_sharing_enabled":true,"_links":{"self":[{"href":"https:\/\/keflavikurbudin.is\/index.php?rest_route=\/wp\/v2\/product\/4376","targetHints":{"allow":["GET"]}}],"collection":[{"href":"https:\/\/keflavikurbudin.is\/index.php?rest_route=\/wp\/v2\/product"}],"about":[{"href":"https:\/\/keflavikurbudin.is\/index.php?rest_route=\/wp\/v2\/types\/product"}],"version-history":[{"count":1,"href":"https:\/\/keflavikurbudin.is\/index.php?rest_route=\/wp\/v2\/product\/4376\/revisions"}],"predecessor-version":[{"id":4392,"href":"https:\/\/keflavikurbudin.is\/index.php?rest_route=\/wp\/v2\/product\/4376\/revisions\/4392"}],"wp:featuredmedia":[{"embeddable":true,"href":"https:\/\/keflavikurbudin.is\/index.php?rest_route=\/wp\/v2\/media\/4360"}],"wp:attachment":[{"href":"https:\/\/keflavikurbudin.is\/index.php?rest_route=%2Fwp%2Fv2%2Fmedia&parent=4376"}],"wp:term":[{"taxonomy":"product_brand","embeddable":true,"href":"https:\/\/keflavikurbudin.is\/index.php?rest_route=%2Fwp%2Fv2%2Fproduct_brand&post=4376"},{"taxonomy":"product_cat","embeddable":true,"href":"https:\/\/keflavikurbudin.is\/index.php?rest_route=%2Fwp%2Fv2%2Fproduct_cat&post=4376"},{"taxonomy":"product_tag","embeddable":true,"href":"https:\/\/keflavikurbudin.is\/index.php?rest_route=%2Fwp%2Fv2%2Fproduct_tag&post=4376"}],"curies":[{"name":"wp","href":"https:\/\/api.w.org\/{rel}","templated":true}]}}