{"id":4364,"date":"2026-02-18T17:42:00","date_gmt":"2026-02-18T17:42:00","guid":{"rendered":"https:\/\/keflavikurbudin.is\/?post_type=product&#038;p=4364"},"modified":"2026-02-18T17:43:13","modified_gmt":"2026-02-18T17:43:13","slug":"hvita-teyjan-keppnistreyja-korfunnar","status":"publish","type":"product","link":"https:\/\/keflavikurbudin.is\/?product=hvita-teyjan-keppnistreyja-korfunnar","title":{"rendered":"Hv\u00edta treyjan &#8211; keppnistreyja k\u00f6rfunnar"},"content":{"rendered":"<p>Hv\u00edta\u00a0 keppnistreyja\u00a0 meistaraflokka Keflav\u00edkur &#8211;<\/p>\n<p>ATH !!\u00a0 \u00a0Ef \u00fei\u00f0 \u00f3ski\u00f0 eftir nafni e\u00f0a n\u00fameri aftan\u00e1 \u00fe\u00e1 \u00fearf a\u00f0 setja \u00fea\u00f0 \u00ed reit \u00ed grei\u00f0sluferli sem heitir Sk\u00fdring me\u00f0 p\u00f6ntun.<\/p>\n<p>Eftir p\u00f6ntun er afhending um \u00fea\u00f0 bil viku seinna \u00e1 Sunnubraut<\/p>\n","protected":false},"excerpt":{"rendered":"<p>Hv\u00edta\u00a0 keppnistreyja\u00a0 meistaraflokka Keflav\u00edkur &#8211; ATH !!\u00a0 \u00a0Ef \u00fei\u00f0 \u00f3ski\u00f0 eftir nafni e\u00f0a n\u00fameri aftan\u00e1 \u00fe\u00e1 \u00fearf a\u00f0 setja \u00fea\u00f0 \u00ed reit \u00ed grei\u00f0sluferli sem heitir Sk\u00fdring me\u00f0 p\u00f6ntun. Eftir p\u00f6ntun er afhending um \u00fea\u00f0 bil viku seinna \u00e1 Sunnubraut<\/p>\n","protected":false},"featured_media":4372,"template":"","meta":[],"product_brand":[],"product_cat":[25,27],"product_tag":[],"class_list":{"0":"post-4364","1":"product","2":"type-product","3":"status-publish","4":"has-post-thumbnail","6":"product_cat-karfan","7":"product_cat-keflavikurvorur","9":"first","10":"instock","11":"shipping-taxable","12":"purchasable","13":"product-type-variable"},"yoast_head":"<!-- This site is optimized with the Yoast SEO plugin v26.8 - https:\/\/yoast.com\/product\/yoast-seo-wordpress\/ -->\n<title>Hv\u00edta treyjan - keppnistreyja k\u00f6rfunnar - Keflav\u00edkurb\u00fa\u00f0in<\/title>\n<meta name=\"robots\" content=\"index, follow, max-snippet:-1, max-image-preview:large, max-video-preview:-1\" \/>\n<link rel=\"canonical\" href=\"https:\/\/keflavikurbudin.is\/?product=hvita-teyjan-keppnistreyja-korfunnar\" \/>\n<meta property=\"og:locale\" content=\"is_IS\" \/>\n<meta property=\"og:type\" content=\"article\" \/>\n<meta property=\"og:title\" content=\"Hv\u00edta treyjan - keppnistreyja k\u00f6rfunnar - Keflav\u00edkurb\u00fa\u00f0in\" \/>\n<meta property=\"og:description\" content=\"Hv\u00edta\u00a0 keppnistreyja\u00a0 meistaraflokka Keflav\u00edkur &#8211; ATH !!\u00a0 \u00a0Ef \u00fei\u00f0 \u00f3ski\u00f0 eftir nafni e\u00f0a n\u00fameri aftan\u00e1 \u00fe\u00e1 \u00fearf a\u00f0 setja \u00fea\u00f0 \u00ed reit \u00ed grei\u00f0sluferli sem heitir Sk\u00fdring me\u00f0 p\u00f6ntun. Eftir p\u00f6ntun er afhending um \u00fea\u00f0 bil viku seinna \u00e1 Sunnubraut\" \/>\n<meta property=\"og:url\" content=\"https:\/\/keflavikurbudin.is\/?product=hvita-teyjan-keppnistreyja-korfunnar\" \/>\n<meta property=\"og:site_name\" content=\"Keflav\u00edkurb\u00fa\u00f0in\" \/>\n<meta property=\"article:modified_time\" content=\"2026-02-18T17:43:13+00:00\" \/>\n<meta property=\"og:image\" content=\"https:\/\/keflavikurbudin.is\/wp-content\/uploads\/2026\/02\/Hviti-buningurinn.jpg\" \/>\n\t<meta property=\"og:image:width\" content=\"1440\" \/>\n\t<meta property=\"og:image:height\" content=\"1800\" \/>\n\t<meta property=\"og:image:type\" content=\"image\/jpeg\" \/>\n<meta name=\"twitter:card\" content=\"summary_large_image\" \/>\n<meta name=\"twitter:label1\" content=\"Est. reading time\" \/>\n\t<meta name=\"twitter:data1\" content=\"1 minute\" \/>\n<script type=\"application\/ld+json\" class=\"yoast-schema-graph\">{\"@context\":\"https:\/\/schema.org\",\"@graph\":[{\"@type\":\"WebPage\",\"@id\":\"https:\/\/keflavikurbudin.is\/?product=hvita-teyjan-keppnistreyja-korfunnar\",\"url\":\"https:\/\/keflavikurbudin.is\/?product=hvita-teyjan-keppnistreyja-korfunnar\",\"name\":\"Hv\u00edta treyjan - keppnistreyja k\u00f6rfunnar - Keflav\u00edkurb\u00fa\u00f0in\",\"isPartOf\":{\"@id\":\"https:\/\/keflavikurbudin.is\/#website\"},\"primaryImageOfPage\":{\"@id\":\"https:\/\/keflavikurbudin.is\/?product=hvita-teyjan-keppnistreyja-korfunnar#primaryimage\"},\"image\":{\"@id\":\"https:\/\/keflavikurbudin.is\/?product=hvita-teyjan-keppnistreyja-korfunnar#primaryimage\"},\"thumbnailUrl\":\"https:\/\/keflavikurbudin.is\/wp-content\/uploads\/2026\/02\/Hviti-buningurinn.jpg\",\"datePublished\":\"2026-02-18T17:42:00+00:00\",\"dateModified\":\"2026-02-18T17:43:13+00:00\",\"breadcrumb\":{\"@id\":\"https:\/\/keflavikurbudin.is\/?product=hvita-teyjan-keppnistreyja-korfunnar#breadcrumb\"},\"inLanguage\":\"is\",\"potentialAction\":[{\"@type\":\"ReadAction\",\"target\":[\"https:\/\/keflavikurbudin.is\/?product=hvita-teyjan-keppnistreyja-korfunnar\"]}]},{\"@type\":\"ImageObject\",\"inLanguage\":\"is\",\"@id\":\"https:\/\/keflavikurbudin.is\/?product=hvita-teyjan-keppnistreyja-korfunnar#primaryimage\",\"url\":\"https:\/\/keflavikurbudin.is\/wp-content\/uploads\/2026\/02\/Hviti-buningurinn.jpg\",\"contentUrl\":\"https:\/\/keflavikurbudin.is\/wp-content\/uploads\/2026\/02\/Hviti-buningurinn.jpg\",\"width\":1440,\"height\":1800},{\"@type\":\"BreadcrumbList\",\"@id\":\"https:\/\/keflavikurbudin.is\/?product=hvita-teyjan-keppnistreyja-korfunnar#breadcrumb\",\"itemListElement\":[{\"@type\":\"ListItem\",\"position\":1,\"name\":\"Home\",\"item\":\"https:\/\/keflavikurbudin.is\/\"},{\"@type\":\"ListItem\",\"position\":2,\"name\":\"Allar v\u00f6rur-test\",\"item\":\"https:\/\/keflavikurbudin.is\/?page_id=5\"},{\"@type\":\"ListItem\",\"position\":3,\"name\":\"Hv\u00edta treyjan &#8211; keppnistreyja k\u00f6rfunnar\"}]},{\"@type\":\"WebSite\",\"@id\":\"https:\/\/keflavikurbudin.is\/#website\",\"url\":\"https:\/\/keflavikurbudin.is\/\",\"name\":\"Keflav\u00edkurb\u00fa\u00f0in\",\"description\":\"\",\"publisher\":{\"@id\":\"https:\/\/keflavikurbudin.is\/#organization\"},\"potentialAction\":[{\"@type\":\"SearchAction\",\"target\":{\"@type\":\"EntryPoint\",\"urlTemplate\":\"https:\/\/keflavikurbudin.is\/?s={search_term_string}\"},\"query-input\":{\"@type\":\"PropertyValueSpecification\",\"valueRequired\":true,\"valueName\":\"search_term_string\"}}],\"inLanguage\":\"is\"},{\"@type\":\"Organization\",\"@id\":\"https:\/\/keflavikurbudin.is\/#organization\",\"name\":\"Keflav\u00edkurb\u00fa\u00f0in\",\"url\":\"https:\/\/keflavikurbudin.is\/\",\"logo\":{\"@type\":\"ImageObject\",\"inLanguage\":\"is\",\"@id\":\"https:\/\/keflavikurbudin.is\/#\/schema\/logo\/image\/\",\"url\":\"https:\/\/keflavikurbudin.is\/wp-content\/uploads\/2020\/12\/cropped-373_kefl_rgb.jpg\",\"contentUrl\":\"https:\/\/keflavikurbudin.is\/wp-content\/uploads\/2020\/12\/cropped-373_kefl_rgb.jpg\",\"width\":896,\"height\":942,\"caption\":\"Keflav\u00edkurb\u00fa\u00f0in\"},\"image\":{\"@id\":\"https:\/\/keflavikurbudin.is\/#\/schema\/logo\/image\/\"}}]}<\/script>\n<!-- \/ Yoast SEO plugin. -->","yoast_head_json":{"title":"Hv\u00edta treyjan - keppnistreyja k\u00f6rfunnar - Keflav\u00edkurb\u00fa\u00f0in","robots":{"index":"index","follow":"follow","max-snippet":"max-snippet:-1","max-image-preview":"max-image-preview:large","max-video-preview":"max-video-preview:-1"},"canonical":"https:\/\/keflavikurbudin.is\/?product=hvita-teyjan-keppnistreyja-korfunnar","og_locale":"is_IS","og_type":"article","og_title":"Hv\u00edta treyjan - keppnistreyja k\u00f6rfunnar - Keflav\u00edkurb\u00fa\u00f0in","og_description":"Hv\u00edta\u00a0 keppnistreyja\u00a0 meistaraflokka Keflav\u00edkur &#8211; ATH !!\u00a0 \u00a0Ef \u00fei\u00f0 \u00f3ski\u00f0 eftir nafni e\u00f0a n\u00fameri aftan\u00e1 \u00fe\u00e1 \u00fearf a\u00f0 setja \u00fea\u00f0 \u00ed reit \u00ed grei\u00f0sluferli sem heitir Sk\u00fdring me\u00f0 p\u00f6ntun. Eftir p\u00f6ntun er afhending um \u00fea\u00f0 bil viku seinna \u00e1 Sunnubraut","og_url":"https:\/\/keflavikurbudin.is\/?product=hvita-teyjan-keppnistreyja-korfunnar","og_site_name":"Keflav\u00edkurb\u00fa\u00f0in","article_modified_time":"2026-02-18T17:43:13+00:00","og_image":[{"width":1440,"height":1800,"url":"https:\/\/keflavikurbudin.is\/wp-content\/uploads\/2026\/02\/Hviti-buningurinn.jpg","type":"image\/jpeg"}],"twitter_card":"summary_large_image","twitter_misc":{"Est. reading time":"1 minute"},"schema":{"@context":"https:\/\/schema.org","@graph":[{"@type":"WebPage","@id":"https:\/\/keflavikurbudin.is\/?product=hvita-teyjan-keppnistreyja-korfunnar","url":"https:\/\/keflavikurbudin.is\/?product=hvita-teyjan-keppnistreyja-korfunnar","name":"Hv\u00edta treyjan - keppnistreyja k\u00f6rfunnar - Keflav\u00edkurb\u00fa\u00f0in","isPartOf":{"@id":"https:\/\/keflavikurbudin.is\/#website"},"primaryImageOfPage":{"@id":"https:\/\/keflavikurbudin.is\/?product=hvita-teyjan-keppnistreyja-korfunnar#primaryimage"},"image":{"@id":"https:\/\/keflavikurbudin.is\/?product=hvita-teyjan-keppnistreyja-korfunnar#primaryimage"},"thumbnailUrl":"https:\/\/keflavikurbudin.is\/wp-content\/uploads\/2026\/02\/Hviti-buningurinn.jpg","datePublished":"2026-02-18T17:42:00+00:00","dateModified":"2026-02-18T17:43:13+00:00","breadcrumb":{"@id":"https:\/\/keflavikurbudin.is\/?product=hvita-teyjan-keppnistreyja-korfunnar#breadcrumb"},"inLanguage":"is","potentialAction":[{"@type":"ReadAction","target":["https:\/\/keflavikurbudin.is\/?product=hvita-teyjan-keppnistreyja-korfunnar"]}]},{"@type":"ImageObject","inLanguage":"is","@id":"https:\/\/keflavikurbudin.is\/?product=hvita-teyjan-keppnistreyja-korfunnar#primaryimage","url":"https:\/\/keflavikurbudin.is\/wp-content\/uploads\/2026\/02\/Hviti-buningurinn.jpg","contentUrl":"https:\/\/keflavikurbudin.is\/wp-content\/uploads\/2026\/02\/Hviti-buningurinn.jpg","width":1440,"height":1800},{"@type":"BreadcrumbList","@id":"https:\/\/keflavikurbudin.is\/?product=hvita-teyjan-keppnistreyja-korfunnar#breadcrumb","itemListElement":[{"@type":"ListItem","position":1,"name":"Home","item":"https:\/\/keflavikurbudin.is\/"},{"@type":"ListItem","position":2,"name":"Allar v\u00f6rur-test","item":"https:\/\/keflavikurbudin.is\/?page_id=5"},{"@type":"ListItem","position":3,"name":"Hv\u00edta treyjan &#8211; keppnistreyja k\u00f6rfunnar"}]},{"@type":"WebSite","@id":"https:\/\/keflavikurbudin.is\/#website","url":"https:\/\/keflavikurbudin.is\/","name":"Keflav\u00edkurb\u00fa\u00f0in","description":"","publisher":{"@id":"https:\/\/keflavikurbudin.is\/#organization"},"potentialAction":[{"@type":"SearchAction","target":{"@type":"EntryPoint","urlTemplate":"https:\/\/keflavikurbudin.is\/?s={search_term_string}"},"query-input":{"@type":"PropertyValueSpecification","valueRequired":true,"valueName":"search_term_string"}}],"inLanguage":"is"},{"@type":"Organization","@id":"https:\/\/keflavikurbudin.is\/#organization","name":"Keflav\u00edkurb\u00fa\u00f0in","url":"https:\/\/keflavikurbudin.is\/","logo":{"@type":"ImageObject","inLanguage":"is","@id":"https:\/\/keflavikurbudin.is\/#\/schema\/logo\/image\/","url":"https:\/\/keflavikurbudin.is\/wp-content\/uploads\/2020\/12\/cropped-373_kefl_rgb.jpg","contentUrl":"https:\/\/keflavikurbudin.is\/wp-content\/uploads\/2020\/12\/cropped-373_kefl_rgb.jpg","width":896,"height":942,"caption":"Keflav\u00edkurb\u00fa\u00f0in"},"image":{"@id":"https:\/\/keflavikurbudin.is\/#\/schema\/logo\/image\/"}}]}},"jetpack_sharing_enabled":true,"_links":{"self":[{"href":"https:\/\/keflavikurbudin.is\/index.php?rest_route=\/wp\/v2\/product\/4364","targetHints":{"allow":["GET"]}}],"collection":[{"href":"https:\/\/keflavikurbudin.is\/index.php?rest_route=\/wp\/v2\/product"}],"about":[{"href":"https:\/\/keflavikurbudin.is\/index.php?rest_route=\/wp\/v2\/types\/product"}],"version-history":[{"count":3,"href":"https:\/\/keflavikurbudin.is\/index.php?rest_route=\/wp\/v2\/product\/4364\/revisions"}],"predecessor-version":[{"id":4375,"href":"https:\/\/keflavikurbudin.is\/index.php?rest_route=\/wp\/v2\/product\/4364\/revisions\/4375"}],"wp:featuredmedia":[{"embeddable":true,"href":"https:\/\/keflavikurbudin.is\/index.php?rest_route=\/wp\/v2\/media\/4372"}],"wp:attachment":[{"href":"https:\/\/keflavikurbudin.is\/index.php?rest_route=%2Fwp%2Fv2%2Fmedia&parent=4364"}],"wp:term":[{"taxonomy":"product_brand","embeddable":true,"href":"https:\/\/keflavikurbudin.is\/index.php?rest_route=%2Fwp%2Fv2%2Fproduct_brand&post=4364"},{"taxonomy":"product_cat","embeddable":true,"href":"https:\/\/keflavikurbudin.is\/index.php?rest_route=%2Fwp%2Fv2%2Fproduct_cat&post=4364"},{"taxonomy":"product_tag","embeddable":true,"href":"https:\/\/keflavikurbudin.is\/index.php?rest_route=%2Fwp%2Fv2%2Fproduct_tag&post=4364"}],"curies":[{"name":"wp","href":"https:\/\/api.w.org\/{rel}","templated":true}]}}