{"id":3719,"date":"2026-01-24T22:37:22","date_gmt":"2026-01-24T22:37:22","guid":{"rendered":"https:\/\/keflavikurbudin.is\/?post_type=product&#038;p=3719"},"modified":"2026-02-18T16:29:59","modified_gmt":"2026-02-18T16:29:59","slug":"leikmannabolir-karla-og-kvennalid-fullordins","status":"publish","type":"product","link":"https:\/\/keflavikurbudin.is\/?product=leikmannabolir-karla-og-kvennalid-fullordins","title":{"rendered":"Leikmannabolir &#8211; karla og kvennali\u00f0 fullor\u00f0ins"},"content":{"rendered":"<p>Vi\u00f0 h\u00f6ldum \u00e1fram a\u00f0 bj\u00f3\u00f0a upp\u00e1 p\u00f6ntun \u00e1 leikmannabolum og h\u00e6gt er a\u00f0 panta h\u00e9r. Vi\u00f0 reiknum svo me\u00f0 viku afhendingart\u00edma ef s\u00f3tt er \u00e1 Sunnubraut<\/p>\n","protected":false},"excerpt":{"rendered":"<p>Vi\u00f0 h\u00f6ldum \u00e1fram a\u00f0 bj\u00f3\u00f0a upp\u00e1 p\u00f6ntun \u00e1 leikmannabolum og h\u00e6gt er a\u00f0 panta h\u00e9r. Vi\u00f0 reiknum svo me\u00f0 viku afhendingart\u00edma ef s\u00f3tt er \u00e1 Sunnubraut<\/p>\n","protected":false},"featured_media":3313,"template":"","meta":[],"product_brand":[],"product_cat":[25,27],"product_tag":[],"class_list":{"0":"post-3719","1":"product","2":"type-product","3":"status-publish","4":"has-post-thumbnail","6":"product_cat-karfan","7":"product_cat-keflavikurvorur","9":"first","10":"instock","11":"featured","12":"shipping-taxable","13":"purchasable","14":"product-type-variable"},"yoast_head":"<!-- This site is optimized with the Yoast SEO plugin v26.8 - https:\/\/yoast.com\/product\/yoast-seo-wordpress\/ -->\n<title>Leikmannabolir - karla og kvennali\u00f0 fullor\u00f0ins - Keflav\u00edkurb\u00fa\u00f0in<\/title>\n<meta name=\"robots\" content=\"index, follow, max-snippet:-1, max-image-preview:large, max-video-preview:-1\" \/>\n<link rel=\"canonical\" href=\"https:\/\/keflavikurbudin.is\/?product=leikmannabolir-karla-og-kvennalid-fullordins\" \/>\n<meta property=\"og:locale\" content=\"is_IS\" \/>\n<meta property=\"og:type\" content=\"article\" \/>\n<meta property=\"og:title\" content=\"Leikmannabolir - karla og kvennali\u00f0 fullor\u00f0ins - Keflav\u00edkurb\u00fa\u00f0in\" \/>\n<meta property=\"og:description\" content=\"Vi\u00f0 h\u00f6ldum \u00e1fram a\u00f0 bj\u00f3\u00f0a upp\u00e1 p\u00f6ntun \u00e1 leikmannabolum og h\u00e6gt er a\u00f0 panta h\u00e9r. Vi\u00f0 reiknum svo me\u00f0 viku afhendingart\u00edma ef s\u00f3tt er \u00e1 Sunnubraut\" \/>\n<meta property=\"og:url\" content=\"https:\/\/keflavikurbudin.is\/?product=leikmannabolir-karla-og-kvennalid-fullordins\" \/>\n<meta property=\"og:site_name\" content=\"Keflav\u00edkurb\u00fa\u00f0in\" \/>\n<meta property=\"article:modified_time\" content=\"2026-02-18T16:29:59+00:00\" \/>\n<meta property=\"og:image\" content=\"https:\/\/keflavikurbudin.is\/wp-content\/uploads\/2026\/01\/BolirOverView-1024x689.png\" \/>\n\t<meta property=\"og:image:width\" content=\"1024\" \/>\n\t<meta property=\"og:image:height\" content=\"689\" \/>\n\t<meta property=\"og:image:type\" content=\"image\/png\" \/>\n<meta name=\"twitter:card\" content=\"summary_large_image\" \/>\n<meta name=\"twitter:label1\" content=\"Est. reading time\" \/>\n\t<meta name=\"twitter:data1\" content=\"1 minute\" \/>\n<script type=\"application\/ld+json\" class=\"yoast-schema-graph\">{\"@context\":\"https:\/\/schema.org\",\"@graph\":[{\"@type\":\"WebPage\",\"@id\":\"https:\/\/keflavikurbudin.is\/?product=leikmannabolir-karla-og-kvennalid-fullordins\",\"url\":\"https:\/\/keflavikurbudin.is\/?product=leikmannabolir-karla-og-kvennalid-fullordins\",\"name\":\"Leikmannabolir - karla og kvennali\u00f0 fullor\u00f0ins - Keflav\u00edkurb\u00fa\u00f0in\",\"isPartOf\":{\"@id\":\"https:\/\/keflavikurbudin.is\/#website\"},\"primaryImageOfPage\":{\"@id\":\"https:\/\/keflavikurbudin.is\/?product=leikmannabolir-karla-og-kvennalid-fullordins#primaryimage\"},\"image\":{\"@id\":\"https:\/\/keflavikurbudin.is\/?product=leikmannabolir-karla-og-kvennalid-fullordins#primaryimage\"},\"thumbnailUrl\":\"https:\/\/keflavikurbudin.is\/wp-content\/uploads\/2026\/01\/BolirOverView.png\",\"datePublished\":\"2026-01-24T22:37:22+00:00\",\"dateModified\":\"2026-02-18T16:29:59+00:00\",\"breadcrumb\":{\"@id\":\"https:\/\/keflavikurbudin.is\/?product=leikmannabolir-karla-og-kvennalid-fullordins#breadcrumb\"},\"inLanguage\":\"is\",\"potentialAction\":[{\"@type\":\"ReadAction\",\"target\":[\"https:\/\/keflavikurbudin.is\/?product=leikmannabolir-karla-og-kvennalid-fullordins\"]}]},{\"@type\":\"ImageObject\",\"inLanguage\":\"is\",\"@id\":\"https:\/\/keflavikurbudin.is\/?product=leikmannabolir-karla-og-kvennalid-fullordins#primaryimage\",\"url\":\"https:\/\/keflavikurbudin.is\/wp-content\/uploads\/2026\/01\/BolirOverView.png\",\"contentUrl\":\"https:\/\/keflavikurbudin.is\/wp-content\/uploads\/2026\/01\/BolirOverView.png\",\"width\":3234,\"height\":2177},{\"@type\":\"BreadcrumbList\",\"@id\":\"https:\/\/keflavikurbudin.is\/?product=leikmannabolir-karla-og-kvennalid-fullordins#breadcrumb\",\"itemListElement\":[{\"@type\":\"ListItem\",\"position\":1,\"name\":\"Home\",\"item\":\"https:\/\/keflavikurbudin.is\/\"},{\"@type\":\"ListItem\",\"position\":2,\"name\":\"Allar v\u00f6rur-test\",\"item\":\"https:\/\/keflavikurbudin.is\/?page_id=5\"},{\"@type\":\"ListItem\",\"position\":3,\"name\":\"Leikmannabolir &#8211; karla og kvennali\u00f0 fullor\u00f0ins\"}]},{\"@type\":\"WebSite\",\"@id\":\"https:\/\/keflavikurbudin.is\/#website\",\"url\":\"https:\/\/keflavikurbudin.is\/\",\"name\":\"Keflav\u00edkurb\u00fa\u00f0in\",\"description\":\"\",\"publisher\":{\"@id\":\"https:\/\/keflavikurbudin.is\/#organization\"},\"potentialAction\":[{\"@type\":\"SearchAction\",\"target\":{\"@type\":\"EntryPoint\",\"urlTemplate\":\"https:\/\/keflavikurbudin.is\/?s={search_term_string}\"},\"query-input\":{\"@type\":\"PropertyValueSpecification\",\"valueRequired\":true,\"valueName\":\"search_term_string\"}}],\"inLanguage\":\"is\"},{\"@type\":\"Organization\",\"@id\":\"https:\/\/keflavikurbudin.is\/#organization\",\"name\":\"Keflav\u00edkurb\u00fa\u00f0in\",\"url\":\"https:\/\/keflavikurbudin.is\/\",\"logo\":{\"@type\":\"ImageObject\",\"inLanguage\":\"is\",\"@id\":\"https:\/\/keflavikurbudin.is\/#\/schema\/logo\/image\/\",\"url\":\"https:\/\/keflavikurbudin.is\/wp-content\/uploads\/2020\/12\/cropped-373_kefl_rgb.jpg\",\"contentUrl\":\"https:\/\/keflavikurbudin.is\/wp-content\/uploads\/2020\/12\/cropped-373_kefl_rgb.jpg\",\"width\":896,\"height\":942,\"caption\":\"Keflav\u00edkurb\u00fa\u00f0in\"},\"image\":{\"@id\":\"https:\/\/keflavikurbudin.is\/#\/schema\/logo\/image\/\"}}]}<\/script>\n<!-- \/ Yoast SEO plugin. -->","yoast_head_json":{"title":"Leikmannabolir - karla og kvennali\u00f0 fullor\u00f0ins - Keflav\u00edkurb\u00fa\u00f0in","robots":{"index":"index","follow":"follow","max-snippet":"max-snippet:-1","max-image-preview":"max-image-preview:large","max-video-preview":"max-video-preview:-1"},"canonical":"https:\/\/keflavikurbudin.is\/?product=leikmannabolir-karla-og-kvennalid-fullordins","og_locale":"is_IS","og_type":"article","og_title":"Leikmannabolir - karla og kvennali\u00f0 fullor\u00f0ins - Keflav\u00edkurb\u00fa\u00f0in","og_description":"Vi\u00f0 h\u00f6ldum \u00e1fram a\u00f0 bj\u00f3\u00f0a upp\u00e1 p\u00f6ntun \u00e1 leikmannabolum og h\u00e6gt er a\u00f0 panta h\u00e9r. Vi\u00f0 reiknum svo me\u00f0 viku afhendingart\u00edma ef s\u00f3tt er \u00e1 Sunnubraut","og_url":"https:\/\/keflavikurbudin.is\/?product=leikmannabolir-karla-og-kvennalid-fullordins","og_site_name":"Keflav\u00edkurb\u00fa\u00f0in","article_modified_time":"2026-02-18T16:29:59+00:00","og_image":[{"width":1024,"height":689,"url":"https:\/\/keflavikurbudin.is\/wp-content\/uploads\/2026\/01\/BolirOverView-1024x689.png","type":"image\/png"}],"twitter_card":"summary_large_image","twitter_misc":{"Est. reading time":"1 minute"},"schema":{"@context":"https:\/\/schema.org","@graph":[{"@type":"WebPage","@id":"https:\/\/keflavikurbudin.is\/?product=leikmannabolir-karla-og-kvennalid-fullordins","url":"https:\/\/keflavikurbudin.is\/?product=leikmannabolir-karla-og-kvennalid-fullordins","name":"Leikmannabolir - karla og kvennali\u00f0 fullor\u00f0ins - Keflav\u00edkurb\u00fa\u00f0in","isPartOf":{"@id":"https:\/\/keflavikurbudin.is\/#website"},"primaryImageOfPage":{"@id":"https:\/\/keflavikurbudin.is\/?product=leikmannabolir-karla-og-kvennalid-fullordins#primaryimage"},"image":{"@id":"https:\/\/keflavikurbudin.is\/?product=leikmannabolir-karla-og-kvennalid-fullordins#primaryimage"},"thumbnailUrl":"https:\/\/keflavikurbudin.is\/wp-content\/uploads\/2026\/01\/BolirOverView.png","datePublished":"2026-01-24T22:37:22+00:00","dateModified":"2026-02-18T16:29:59+00:00","breadcrumb":{"@id":"https:\/\/keflavikurbudin.is\/?product=leikmannabolir-karla-og-kvennalid-fullordins#breadcrumb"},"inLanguage":"is","potentialAction":[{"@type":"ReadAction","target":["https:\/\/keflavikurbudin.is\/?product=leikmannabolir-karla-og-kvennalid-fullordins"]}]},{"@type":"ImageObject","inLanguage":"is","@id":"https:\/\/keflavikurbudin.is\/?product=leikmannabolir-karla-og-kvennalid-fullordins#primaryimage","url":"https:\/\/keflavikurbudin.is\/wp-content\/uploads\/2026\/01\/BolirOverView.png","contentUrl":"https:\/\/keflavikurbudin.is\/wp-content\/uploads\/2026\/01\/BolirOverView.png","width":3234,"height":2177},{"@type":"BreadcrumbList","@id":"https:\/\/keflavikurbudin.is\/?product=leikmannabolir-karla-og-kvennalid-fullordins#breadcrumb","itemListElement":[{"@type":"ListItem","position":1,"name":"Home","item":"https:\/\/keflavikurbudin.is\/"},{"@type":"ListItem","position":2,"name":"Allar v\u00f6rur-test","item":"https:\/\/keflavikurbudin.is\/?page_id=5"},{"@type":"ListItem","position":3,"name":"Leikmannabolir &#8211; karla og kvennali\u00f0 fullor\u00f0ins"}]},{"@type":"WebSite","@id":"https:\/\/keflavikurbudin.is\/#website","url":"https:\/\/keflavikurbudin.is\/","name":"Keflav\u00edkurb\u00fa\u00f0in","description":"","publisher":{"@id":"https:\/\/keflavikurbudin.is\/#organization"},"potentialAction":[{"@type":"SearchAction","target":{"@type":"EntryPoint","urlTemplate":"https:\/\/keflavikurbudin.is\/?s={search_term_string}"},"query-input":{"@type":"PropertyValueSpecification","valueRequired":true,"valueName":"search_term_string"}}],"inLanguage":"is"},{"@type":"Organization","@id":"https:\/\/keflavikurbudin.is\/#organization","name":"Keflav\u00edkurb\u00fa\u00f0in","url":"https:\/\/keflavikurbudin.is\/","logo":{"@type":"ImageObject","inLanguage":"is","@id":"https:\/\/keflavikurbudin.is\/#\/schema\/logo\/image\/","url":"https:\/\/keflavikurbudin.is\/wp-content\/uploads\/2020\/12\/cropped-373_kefl_rgb.jpg","contentUrl":"https:\/\/keflavikurbudin.is\/wp-content\/uploads\/2020\/12\/cropped-373_kefl_rgb.jpg","width":896,"height":942,"caption":"Keflav\u00edkurb\u00fa\u00f0in"},"image":{"@id":"https:\/\/keflavikurbudin.is\/#\/schema\/logo\/image\/"}}]}},"jetpack_sharing_enabled":true,"_links":{"self":[{"href":"https:\/\/keflavikurbudin.is\/index.php?rest_route=\/wp\/v2\/product\/3719","targetHints":{"allow":["GET"]}}],"collection":[{"href":"https:\/\/keflavikurbudin.is\/index.php?rest_route=\/wp\/v2\/product"}],"about":[{"href":"https:\/\/keflavikurbudin.is\/index.php?rest_route=\/wp\/v2\/types\/product"}],"version-history":[{"count":2,"href":"https:\/\/keflavikurbudin.is\/index.php?rest_route=\/wp\/v2\/product\/3719\/revisions"}],"predecessor-version":[{"id":4350,"href":"https:\/\/keflavikurbudin.is\/index.php?rest_route=\/wp\/v2\/product\/3719\/revisions\/4350"}],"wp:featuredmedia":[{"embeddable":true,"href":"https:\/\/keflavikurbudin.is\/index.php?rest_route=\/wp\/v2\/media\/3313"}],"wp:attachment":[{"href":"https:\/\/keflavikurbudin.is\/index.php?rest_route=%2Fwp%2Fv2%2Fmedia&parent=3719"}],"wp:term":[{"taxonomy":"product_brand","embeddable":true,"href":"https:\/\/keflavikurbudin.is\/index.php?rest_route=%2Fwp%2Fv2%2Fproduct_brand&post=3719"},{"taxonomy":"product_cat","embeddable":true,"href":"https:\/\/keflavikurbudin.is\/index.php?rest_route=%2Fwp%2Fv2%2Fproduct_cat&post=3719"},{"taxonomy":"product_tag","embeddable":true,"href":"https:\/\/keflavikurbudin.is\/index.php?rest_route=%2Fwp%2Fv2%2Fproduct_tag&post=3719"}],"curies":[{"name":"wp","href":"https:\/\/api.w.org\/{rel}","templated":true}]}}