{"id":2615,"date":"2023-09-26T16:09:24","date_gmt":"2023-09-26T16:09:24","guid":{"rendered":"https:\/\/keflavikurbudin.is\/?post_type=product&#038;p=2615"},"modified":"2025-12-19T07:12:40","modified_gmt":"2025-12-19T07:12:40","slug":"crocs-skraut","status":"publish","type":"product","link":"https:\/\/keflavikurbudin.is\/?product=crocs-skraut","title":{"rendered":"Crocs skraut"},"content":{"rendered":"<p>Keflav\u00edkur merki\u00f0 \u00e1 Crocs sk\u00f3nna<\/p>\n","protected":false},"excerpt":{"rendered":"<p>Keflav\u00edkur merki\u00f0 \u00e1 Crocs sk\u00f3nna<\/p>\n","protected":false},"featured_media":2616,"template":"","meta":[],"product_brand":[],"product_cat":[25,27],"product_tag":[],"class_list":{"0":"post-2615","1":"product","2":"type-product","3":"status-publish","4":"has-post-thumbnail","6":"product_cat-karfan","7":"product_cat-keflavikurvorur","9":"first","10":"instock","11":"shipping-taxable","12":"purchasable","13":"product-type-simple"},"yoast_head":"<!-- This site is optimized with the Yoast SEO plugin v26.8 - https:\/\/yoast.com\/product\/yoast-seo-wordpress\/ -->\n<title>Crocs skraut - Keflav\u00edkurb\u00fa\u00f0in<\/title>\n<meta name=\"robots\" content=\"index, follow, max-snippet:-1, max-image-preview:large, max-video-preview:-1\" \/>\n<link rel=\"canonical\" href=\"https:\/\/keflavikurbudin.is\/?product=crocs-skraut\" \/>\n<meta property=\"og:locale\" content=\"is_IS\" \/>\n<meta property=\"og:type\" content=\"article\" \/>\n<meta property=\"og:title\" content=\"Crocs skraut - Keflav\u00edkurb\u00fa\u00f0in\" \/>\n<meta property=\"og:description\" content=\"Keflav\u00edkur merki\u00f0 \u00e1 Crocs sk\u00f3nna\" \/>\n<meta property=\"og:url\" content=\"https:\/\/keflavikurbudin.is\/?product=crocs-skraut\" \/>\n<meta property=\"og:site_name\" content=\"Keflav\u00edkurb\u00fa\u00f0in\" \/>\n<meta property=\"article:modified_time\" content=\"2025-12-19T07:12:40+00:00\" \/>\n<meta property=\"og:image\" content=\"https:\/\/keflavikurbudin.is\/wp-content\/uploads\/2023\/09\/Crocs-skraut.png\" \/>\n\t<meta property=\"og:image:width\" content=\"605\" \/>\n\t<meta property=\"og:image:height\" content=\"528\" \/>\n\t<meta property=\"og:image:type\" content=\"image\/png\" \/>\n<meta name=\"twitter:card\" content=\"summary_large_image\" \/>\n<meta name=\"twitter:label1\" content=\"Est. reading time\" \/>\n\t<meta name=\"twitter:data1\" content=\"1 minute\" \/>\n<script type=\"application\/ld+json\" class=\"yoast-schema-graph\">{\"@context\":\"https:\/\/schema.org\",\"@graph\":[{\"@type\":\"WebPage\",\"@id\":\"https:\/\/keflavikurbudin.is\/?product=crocs-skraut\",\"url\":\"https:\/\/keflavikurbudin.is\/?product=crocs-skraut\",\"name\":\"Crocs skraut - Keflav\u00edkurb\u00fa\u00f0in\",\"isPartOf\":{\"@id\":\"https:\/\/keflavikurbudin.is\/#website\"},\"primaryImageOfPage\":{\"@id\":\"https:\/\/keflavikurbudin.is\/?product=crocs-skraut#primaryimage\"},\"image\":{\"@id\":\"https:\/\/keflavikurbudin.is\/?product=crocs-skraut#primaryimage\"},\"thumbnailUrl\":\"https:\/\/keflavikurbudin.is\/wp-content\/uploads\/2023\/09\/Crocs-skraut.png\",\"datePublished\":\"2023-09-26T16:09:24+00:00\",\"dateModified\":\"2025-12-19T07:12:40+00:00\",\"breadcrumb\":{\"@id\":\"https:\/\/keflavikurbudin.is\/?product=crocs-skraut#breadcrumb\"},\"inLanguage\":\"is\",\"potentialAction\":[{\"@type\":\"ReadAction\",\"target\":[\"https:\/\/keflavikurbudin.is\/?product=crocs-skraut\"]}]},{\"@type\":\"ImageObject\",\"inLanguage\":\"is\",\"@id\":\"https:\/\/keflavikurbudin.is\/?product=crocs-skraut#primaryimage\",\"url\":\"https:\/\/keflavikurbudin.is\/wp-content\/uploads\/2023\/09\/Crocs-skraut.png\",\"contentUrl\":\"https:\/\/keflavikurbudin.is\/wp-content\/uploads\/2023\/09\/Crocs-skraut.png\",\"width\":605,\"height\":528},{\"@type\":\"BreadcrumbList\",\"@id\":\"https:\/\/keflavikurbudin.is\/?product=crocs-skraut#breadcrumb\",\"itemListElement\":[{\"@type\":\"ListItem\",\"position\":1,\"name\":\"Home\",\"item\":\"https:\/\/keflavikurbudin.is\/\"},{\"@type\":\"ListItem\",\"position\":2,\"name\":\"Allar v\u00f6rur-test\",\"item\":\"https:\/\/keflavikurbudin.is\/?page_id=5\"},{\"@type\":\"ListItem\",\"position\":3,\"name\":\"Crocs skraut\"}]},{\"@type\":\"WebSite\",\"@id\":\"https:\/\/keflavikurbudin.is\/#website\",\"url\":\"https:\/\/keflavikurbudin.is\/\",\"name\":\"Keflav\u00edkurb\u00fa\u00f0in\",\"description\":\"\",\"publisher\":{\"@id\":\"https:\/\/keflavikurbudin.is\/#organization\"},\"potentialAction\":[{\"@type\":\"SearchAction\",\"target\":{\"@type\":\"EntryPoint\",\"urlTemplate\":\"https:\/\/keflavikurbudin.is\/?s={search_term_string}\"},\"query-input\":{\"@type\":\"PropertyValueSpecification\",\"valueRequired\":true,\"valueName\":\"search_term_string\"}}],\"inLanguage\":\"is\"},{\"@type\":\"Organization\",\"@id\":\"https:\/\/keflavikurbudin.is\/#organization\",\"name\":\"Keflav\u00edkurb\u00fa\u00f0in\",\"url\":\"https:\/\/keflavikurbudin.is\/\",\"logo\":{\"@type\":\"ImageObject\",\"inLanguage\":\"is\",\"@id\":\"https:\/\/keflavikurbudin.is\/#\/schema\/logo\/image\/\",\"url\":\"https:\/\/keflavikurbudin.is\/wp-content\/uploads\/2020\/12\/cropped-373_kefl_rgb.jpg\",\"contentUrl\":\"https:\/\/keflavikurbudin.is\/wp-content\/uploads\/2020\/12\/cropped-373_kefl_rgb.jpg\",\"width\":896,\"height\":942,\"caption\":\"Keflav\u00edkurb\u00fa\u00f0in\"},\"image\":{\"@id\":\"https:\/\/keflavikurbudin.is\/#\/schema\/logo\/image\/\"}}]}<\/script>\n<!-- \/ Yoast SEO plugin. -->","yoast_head_json":{"title":"Crocs skraut - Keflav\u00edkurb\u00fa\u00f0in","robots":{"index":"index","follow":"follow","max-snippet":"max-snippet:-1","max-image-preview":"max-image-preview:large","max-video-preview":"max-video-preview:-1"},"canonical":"https:\/\/keflavikurbudin.is\/?product=crocs-skraut","og_locale":"is_IS","og_type":"article","og_title":"Crocs skraut - Keflav\u00edkurb\u00fa\u00f0in","og_description":"Keflav\u00edkur merki\u00f0 \u00e1 Crocs sk\u00f3nna","og_url":"https:\/\/keflavikurbudin.is\/?product=crocs-skraut","og_site_name":"Keflav\u00edkurb\u00fa\u00f0in","article_modified_time":"2025-12-19T07:12:40+00:00","og_image":[{"width":605,"height":528,"url":"https:\/\/keflavikurbudin.is\/wp-content\/uploads\/2023\/09\/Crocs-skraut.png","type":"image\/png"}],"twitter_card":"summary_large_image","twitter_misc":{"Est. reading time":"1 minute"},"schema":{"@context":"https:\/\/schema.org","@graph":[{"@type":"WebPage","@id":"https:\/\/keflavikurbudin.is\/?product=crocs-skraut","url":"https:\/\/keflavikurbudin.is\/?product=crocs-skraut","name":"Crocs skraut - Keflav\u00edkurb\u00fa\u00f0in","isPartOf":{"@id":"https:\/\/keflavikurbudin.is\/#website"},"primaryImageOfPage":{"@id":"https:\/\/keflavikurbudin.is\/?product=crocs-skraut#primaryimage"},"image":{"@id":"https:\/\/keflavikurbudin.is\/?product=crocs-skraut#primaryimage"},"thumbnailUrl":"https:\/\/keflavikurbudin.is\/wp-content\/uploads\/2023\/09\/Crocs-skraut.png","datePublished":"2023-09-26T16:09:24+00:00","dateModified":"2025-12-19T07:12:40+00:00","breadcrumb":{"@id":"https:\/\/keflavikurbudin.is\/?product=crocs-skraut#breadcrumb"},"inLanguage":"is","potentialAction":[{"@type":"ReadAction","target":["https:\/\/keflavikurbudin.is\/?product=crocs-skraut"]}]},{"@type":"ImageObject","inLanguage":"is","@id":"https:\/\/keflavikurbudin.is\/?product=crocs-skraut#primaryimage","url":"https:\/\/keflavikurbudin.is\/wp-content\/uploads\/2023\/09\/Crocs-skraut.png","contentUrl":"https:\/\/keflavikurbudin.is\/wp-content\/uploads\/2023\/09\/Crocs-skraut.png","width":605,"height":528},{"@type":"BreadcrumbList","@id":"https:\/\/keflavikurbudin.is\/?product=crocs-skraut#breadcrumb","itemListElement":[{"@type":"ListItem","position":1,"name":"Home","item":"https:\/\/keflavikurbudin.is\/"},{"@type":"ListItem","position":2,"name":"Allar v\u00f6rur-test","item":"https:\/\/keflavikurbudin.is\/?page_id=5"},{"@type":"ListItem","position":3,"name":"Crocs skraut"}]},{"@type":"WebSite","@id":"https:\/\/keflavikurbudin.is\/#website","url":"https:\/\/keflavikurbudin.is\/","name":"Keflav\u00edkurb\u00fa\u00f0in","description":"","publisher":{"@id":"https:\/\/keflavikurbudin.is\/#organization"},"potentialAction":[{"@type":"SearchAction","target":{"@type":"EntryPoint","urlTemplate":"https:\/\/keflavikurbudin.is\/?s={search_term_string}"},"query-input":{"@type":"PropertyValueSpecification","valueRequired":true,"valueName":"search_term_string"}}],"inLanguage":"is"},{"@type":"Organization","@id":"https:\/\/keflavikurbudin.is\/#organization","name":"Keflav\u00edkurb\u00fa\u00f0in","url":"https:\/\/keflavikurbudin.is\/","logo":{"@type":"ImageObject","inLanguage":"is","@id":"https:\/\/keflavikurbudin.is\/#\/schema\/logo\/image\/","url":"https:\/\/keflavikurbudin.is\/wp-content\/uploads\/2020\/12\/cropped-373_kefl_rgb.jpg","contentUrl":"https:\/\/keflavikurbudin.is\/wp-content\/uploads\/2020\/12\/cropped-373_kefl_rgb.jpg","width":896,"height":942,"caption":"Keflav\u00edkurb\u00fa\u00f0in"},"image":{"@id":"https:\/\/keflavikurbudin.is\/#\/schema\/logo\/image\/"}}]}},"jetpack_sharing_enabled":true,"_links":{"self":[{"href":"https:\/\/keflavikurbudin.is\/index.php?rest_route=\/wp\/v2\/product\/2615","targetHints":{"allow":["GET"]}}],"collection":[{"href":"https:\/\/keflavikurbudin.is\/index.php?rest_route=\/wp\/v2\/product"}],"about":[{"href":"https:\/\/keflavikurbudin.is\/index.php?rest_route=\/wp\/v2\/types\/product"}],"version-history":[{"count":1,"href":"https:\/\/keflavikurbudin.is\/index.php?rest_route=\/wp\/v2\/product\/2615\/revisions"}],"predecessor-version":[{"id":2617,"href":"https:\/\/keflavikurbudin.is\/index.php?rest_route=\/wp\/v2\/product\/2615\/revisions\/2617"}],"wp:featuredmedia":[{"embeddable":true,"href":"https:\/\/keflavikurbudin.is\/index.php?rest_route=\/wp\/v2\/media\/2616"}],"wp:attachment":[{"href":"https:\/\/keflavikurbudin.is\/index.php?rest_route=%2Fwp%2Fv2%2Fmedia&parent=2615"}],"wp:term":[{"taxonomy":"product_brand","embeddable":true,"href":"https:\/\/keflavikurbudin.is\/index.php?rest_route=%2Fwp%2Fv2%2Fproduct_brand&post=2615"},{"taxonomy":"product_cat","embeddable":true,"href":"https:\/\/keflavikurbudin.is\/index.php?rest_route=%2Fwp%2Fv2%2Fproduct_cat&post=2615"},{"taxonomy":"product_tag","embeddable":true,"href":"https:\/\/keflavikurbudin.is\/index.php?rest_route=%2Fwp%2Fv2%2Fproduct_tag&post=2615"}],"curies":[{"name":"wp","href":"https:\/\/api.w.org\/{rel}","templated":true}]}}