{"id":2520,"date":"2023-05-26T15:35:40","date_gmt":"2023-05-26T15:35:40","guid":{"rendered":"https:\/\/keflavikurbudin.is\/?post_type=product&#038;p=2520"},"modified":"2025-06-26T11:31:01","modified_gmt":"2025-06-26T11:31:01","slug":"kfk-derhufa-limited-edition","status":"publish","type":"product","link":"https:\/\/keflavikurbudin.is\/?product=kfk-derhufa-limited-edition","title":{"rendered":"KFK derh\u00fafa &#8211; Limited Edition"},"content":{"rendered":"<p><strong>Forp\u00f6ntun<\/strong><\/p>\n<p>Vi\u00f0 eigum von \u00e1 takm\u00f6rku\u00f0u upplagi af KFK derh\u00fafu \u00ed j\u00fal\u00ed.\u00a0 Strax \u00ed dag geti\u00f0 \u00fei\u00f0 tryggt ykkur eintak me\u00f0 kaupum og ver\u00f0i\u00f0 fyrst a\u00f0 f\u00e1 skilabo\u00f0 um afhendingu \u00feegar h\u00fan lendir<\/p>\n<p>Ekki missa af t\u00e6kif\u00e6rinu a\u00f0 n\u00e6la \u00ed eintak af \u00feessari einst\u00f6ku h\u00fafu sem kemur a\u00f0eins einu sinni !!!<\/p>\n","protected":false},"excerpt":{"rendered":"<p>Forp\u00f6ntun Vi\u00f0 eigum von \u00e1 takm\u00f6rku\u00f0u upplagi af KFK derh\u00fafu \u00ed j\u00fal\u00ed.\u00a0 Strax \u00ed dag geti\u00f0 \u00fei\u00f0 tryggt ykkur eintak me\u00f0 kaupum og ver\u00f0i\u00f0 fyrst a\u00f0 f\u00e1 skilabo\u00f0 um afhendingu \u00feegar h\u00fan lendir Ekki missa af t\u00e6kif\u00e6rinu a\u00f0 n\u00e6la \u00ed eintak af \u00feessari einst\u00f6ku h\u00fafu sem kemur a\u00f0eins einu sinni !!!<\/p>\n","protected":false},"featured_media":2521,"template":"","meta":[],"product_brand":[],"product_cat":[24,27,17,26],"product_tag":[],"class_list":{"0":"post-2520","1":"product","2":"type-product","3":"status-publish","4":"has-post-thumbnail","6":"product_cat-fullordinsstaerdir","7":"product_cat-keflavikurvorur","8":"product_cat-fatnadur","9":"product_cat-knattspyrnan","11":"first","12":"instock","13":"shipping-taxable","14":"purchasable","15":"product-type-simple"},"yoast_head":"<!-- This site is optimized with the Yoast SEO plugin v26.8 - https:\/\/yoast.com\/product\/yoast-seo-wordpress\/ -->\n<title>KFK derh\u00fafa - Limited Edition - Keflav\u00edkurb\u00fa\u00f0in<\/title>\n<meta name=\"robots\" content=\"index, follow, max-snippet:-1, max-image-preview:large, max-video-preview:-1\" \/>\n<link rel=\"canonical\" href=\"https:\/\/keflavikurbudin.is\/?product=kfk-derhufa-limited-edition\" \/>\n<meta property=\"og:locale\" content=\"is_IS\" \/>\n<meta property=\"og:type\" content=\"article\" \/>\n<meta property=\"og:title\" content=\"KFK derh\u00fafa - Limited Edition - Keflav\u00edkurb\u00fa\u00f0in\" \/>\n<meta property=\"og:description\" content=\"Forp\u00f6ntun Vi\u00f0 eigum von \u00e1 takm\u00f6rku\u00f0u upplagi af KFK derh\u00fafu \u00ed j\u00fal\u00ed.\u00a0 Strax \u00ed dag geti\u00f0 \u00fei\u00f0 tryggt ykkur eintak me\u00f0 kaupum og ver\u00f0i\u00f0 fyrst a\u00f0 f\u00e1 skilabo\u00f0 um afhendingu \u00feegar h\u00fan lendir Ekki missa af t\u00e6kif\u00e6rinu a\u00f0 n\u00e6la \u00ed eintak af \u00feessari einst\u00f6ku h\u00fafu sem kemur a\u00f0eins einu sinni !!!\" \/>\n<meta property=\"og:url\" content=\"https:\/\/keflavikurbudin.is\/?product=kfk-derhufa-limited-edition\" \/>\n<meta property=\"og:site_name\" content=\"Keflav\u00edkurb\u00fa\u00f0in\" \/>\n<meta property=\"article:modified_time\" content=\"2025-06-26T11:31:01+00:00\" \/>\n<meta property=\"og:image\" content=\"https:\/\/keflavikurbudin.is\/wp-content\/uploads\/2023\/05\/KFK-der.png\" \/>\n\t<meta property=\"og:image:width\" content=\"1224\" \/>\n\t<meta property=\"og:image:height\" content=\"1632\" \/>\n\t<meta property=\"og:image:type\" content=\"image\/png\" \/>\n<meta name=\"twitter:card\" content=\"summary_large_image\" \/>\n<meta name=\"twitter:label1\" content=\"Est. reading time\" \/>\n\t<meta name=\"twitter:data1\" content=\"1 minute\" \/>\n<script type=\"application\/ld+json\" class=\"yoast-schema-graph\">{\"@context\":\"https:\/\/schema.org\",\"@graph\":[{\"@type\":\"WebPage\",\"@id\":\"https:\/\/keflavikurbudin.is\/?product=kfk-derhufa-limited-edition\",\"url\":\"https:\/\/keflavikurbudin.is\/?product=kfk-derhufa-limited-edition\",\"name\":\"KFK derh\u00fafa - Limited Edition - Keflav\u00edkurb\u00fa\u00f0in\",\"isPartOf\":{\"@id\":\"https:\/\/keflavikurbudin.is\/#website\"},\"primaryImageOfPage\":{\"@id\":\"https:\/\/keflavikurbudin.is\/?product=kfk-derhufa-limited-edition#primaryimage\"},\"image\":{\"@id\":\"https:\/\/keflavikurbudin.is\/?product=kfk-derhufa-limited-edition#primaryimage\"},\"thumbnailUrl\":\"https:\/\/keflavikurbudin.is\/wp-content\/uploads\/2023\/05\/KFK-der.png\",\"datePublished\":\"2023-05-26T15:35:40+00:00\",\"dateModified\":\"2025-06-26T11:31:01+00:00\",\"breadcrumb\":{\"@id\":\"https:\/\/keflavikurbudin.is\/?product=kfk-derhufa-limited-edition#breadcrumb\"},\"inLanguage\":\"is\",\"potentialAction\":[{\"@type\":\"ReadAction\",\"target\":[\"https:\/\/keflavikurbudin.is\/?product=kfk-derhufa-limited-edition\"]}]},{\"@type\":\"ImageObject\",\"inLanguage\":\"is\",\"@id\":\"https:\/\/keflavikurbudin.is\/?product=kfk-derhufa-limited-edition#primaryimage\",\"url\":\"https:\/\/keflavikurbudin.is\/wp-content\/uploads\/2023\/05\/KFK-der.png\",\"contentUrl\":\"https:\/\/keflavikurbudin.is\/wp-content\/uploads\/2023\/05\/KFK-der.png\",\"width\":1224,\"height\":1632},{\"@type\":\"BreadcrumbList\",\"@id\":\"https:\/\/keflavikurbudin.is\/?product=kfk-derhufa-limited-edition#breadcrumb\",\"itemListElement\":[{\"@type\":\"ListItem\",\"position\":1,\"name\":\"Home\",\"item\":\"https:\/\/keflavikurbudin.is\/\"},{\"@type\":\"ListItem\",\"position\":2,\"name\":\"Allar v\u00f6rur-test\",\"item\":\"https:\/\/keflavikurbudin.is\/?page_id=5\"},{\"@type\":\"ListItem\",\"position\":3,\"name\":\"KFK derh\u00fafa &#8211; Limited Edition\"}]},{\"@type\":\"WebSite\",\"@id\":\"https:\/\/keflavikurbudin.is\/#website\",\"url\":\"https:\/\/keflavikurbudin.is\/\",\"name\":\"Keflav\u00edkurb\u00fa\u00f0in\",\"description\":\"\",\"publisher\":{\"@id\":\"https:\/\/keflavikurbudin.is\/#organization\"},\"potentialAction\":[{\"@type\":\"SearchAction\",\"target\":{\"@type\":\"EntryPoint\",\"urlTemplate\":\"https:\/\/keflavikurbudin.is\/?s={search_term_string}\"},\"query-input\":{\"@type\":\"PropertyValueSpecification\",\"valueRequired\":true,\"valueName\":\"search_term_string\"}}],\"inLanguage\":\"is\"},{\"@type\":\"Organization\",\"@id\":\"https:\/\/keflavikurbudin.is\/#organization\",\"name\":\"Keflav\u00edkurb\u00fa\u00f0in\",\"url\":\"https:\/\/keflavikurbudin.is\/\",\"logo\":{\"@type\":\"ImageObject\",\"inLanguage\":\"is\",\"@id\":\"https:\/\/keflavikurbudin.is\/#\/schema\/logo\/image\/\",\"url\":\"https:\/\/keflavikurbudin.is\/wp-content\/uploads\/2020\/12\/cropped-373_kefl_rgb.jpg\",\"contentUrl\":\"https:\/\/keflavikurbudin.is\/wp-content\/uploads\/2020\/12\/cropped-373_kefl_rgb.jpg\",\"width\":896,\"height\":942,\"caption\":\"Keflav\u00edkurb\u00fa\u00f0in\"},\"image\":{\"@id\":\"https:\/\/keflavikurbudin.is\/#\/schema\/logo\/image\/\"}}]}<\/script>\n<!-- \/ Yoast SEO plugin. -->","yoast_head_json":{"title":"KFK derh\u00fafa - Limited Edition - Keflav\u00edkurb\u00fa\u00f0in","robots":{"index":"index","follow":"follow","max-snippet":"max-snippet:-1","max-image-preview":"max-image-preview:large","max-video-preview":"max-video-preview:-1"},"canonical":"https:\/\/keflavikurbudin.is\/?product=kfk-derhufa-limited-edition","og_locale":"is_IS","og_type":"article","og_title":"KFK derh\u00fafa - Limited Edition - Keflav\u00edkurb\u00fa\u00f0in","og_description":"Forp\u00f6ntun Vi\u00f0 eigum von \u00e1 takm\u00f6rku\u00f0u upplagi af KFK derh\u00fafu \u00ed j\u00fal\u00ed.\u00a0 Strax \u00ed dag geti\u00f0 \u00fei\u00f0 tryggt ykkur eintak me\u00f0 kaupum og ver\u00f0i\u00f0 fyrst a\u00f0 f\u00e1 skilabo\u00f0 um afhendingu \u00feegar h\u00fan lendir Ekki missa af t\u00e6kif\u00e6rinu a\u00f0 n\u00e6la \u00ed eintak af \u00feessari einst\u00f6ku h\u00fafu sem kemur a\u00f0eins einu sinni !!!","og_url":"https:\/\/keflavikurbudin.is\/?product=kfk-derhufa-limited-edition","og_site_name":"Keflav\u00edkurb\u00fa\u00f0in","article_modified_time":"2025-06-26T11:31:01+00:00","og_image":[{"width":1224,"height":1632,"url":"https:\/\/keflavikurbudin.is\/wp-content\/uploads\/2023\/05\/KFK-der.png","type":"image\/png"}],"twitter_card":"summary_large_image","twitter_misc":{"Est. reading time":"1 minute"},"schema":{"@context":"https:\/\/schema.org","@graph":[{"@type":"WebPage","@id":"https:\/\/keflavikurbudin.is\/?product=kfk-derhufa-limited-edition","url":"https:\/\/keflavikurbudin.is\/?product=kfk-derhufa-limited-edition","name":"KFK derh\u00fafa - Limited Edition - Keflav\u00edkurb\u00fa\u00f0in","isPartOf":{"@id":"https:\/\/keflavikurbudin.is\/#website"},"primaryImageOfPage":{"@id":"https:\/\/keflavikurbudin.is\/?product=kfk-derhufa-limited-edition#primaryimage"},"image":{"@id":"https:\/\/keflavikurbudin.is\/?product=kfk-derhufa-limited-edition#primaryimage"},"thumbnailUrl":"https:\/\/keflavikurbudin.is\/wp-content\/uploads\/2023\/05\/KFK-der.png","datePublished":"2023-05-26T15:35:40+00:00","dateModified":"2025-06-26T11:31:01+00:00","breadcrumb":{"@id":"https:\/\/keflavikurbudin.is\/?product=kfk-derhufa-limited-edition#breadcrumb"},"inLanguage":"is","potentialAction":[{"@type":"ReadAction","target":["https:\/\/keflavikurbudin.is\/?product=kfk-derhufa-limited-edition"]}]},{"@type":"ImageObject","inLanguage":"is","@id":"https:\/\/keflavikurbudin.is\/?product=kfk-derhufa-limited-edition#primaryimage","url":"https:\/\/keflavikurbudin.is\/wp-content\/uploads\/2023\/05\/KFK-der.png","contentUrl":"https:\/\/keflavikurbudin.is\/wp-content\/uploads\/2023\/05\/KFK-der.png","width":1224,"height":1632},{"@type":"BreadcrumbList","@id":"https:\/\/keflavikurbudin.is\/?product=kfk-derhufa-limited-edition#breadcrumb","itemListElement":[{"@type":"ListItem","position":1,"name":"Home","item":"https:\/\/keflavikurbudin.is\/"},{"@type":"ListItem","position":2,"name":"Allar v\u00f6rur-test","item":"https:\/\/keflavikurbudin.is\/?page_id=5"},{"@type":"ListItem","position":3,"name":"KFK derh\u00fafa &#8211; Limited Edition"}]},{"@type":"WebSite","@id":"https:\/\/keflavikurbudin.is\/#website","url":"https:\/\/keflavikurbudin.is\/","name":"Keflav\u00edkurb\u00fa\u00f0in","description":"","publisher":{"@id":"https:\/\/keflavikurbudin.is\/#organization"},"potentialAction":[{"@type":"SearchAction","target":{"@type":"EntryPoint","urlTemplate":"https:\/\/keflavikurbudin.is\/?s={search_term_string}"},"query-input":{"@type":"PropertyValueSpecification","valueRequired":true,"valueName":"search_term_string"}}],"inLanguage":"is"},{"@type":"Organization","@id":"https:\/\/keflavikurbudin.is\/#organization","name":"Keflav\u00edkurb\u00fa\u00f0in","url":"https:\/\/keflavikurbudin.is\/","logo":{"@type":"ImageObject","inLanguage":"is","@id":"https:\/\/keflavikurbudin.is\/#\/schema\/logo\/image\/","url":"https:\/\/keflavikurbudin.is\/wp-content\/uploads\/2020\/12\/cropped-373_kefl_rgb.jpg","contentUrl":"https:\/\/keflavikurbudin.is\/wp-content\/uploads\/2020\/12\/cropped-373_kefl_rgb.jpg","width":896,"height":942,"caption":"Keflav\u00edkurb\u00fa\u00f0in"},"image":{"@id":"https:\/\/keflavikurbudin.is\/#\/schema\/logo\/image\/"}}]}},"jetpack_sharing_enabled":true,"_links":{"self":[{"href":"https:\/\/keflavikurbudin.is\/index.php?rest_route=\/wp\/v2\/product\/2520","targetHints":{"allow":["GET"]}}],"collection":[{"href":"https:\/\/keflavikurbudin.is\/index.php?rest_route=\/wp\/v2\/product"}],"about":[{"href":"https:\/\/keflavikurbudin.is\/index.php?rest_route=\/wp\/v2\/types\/product"}],"version-history":[{"count":1,"href":"https:\/\/keflavikurbudin.is\/index.php?rest_route=\/wp\/v2\/product\/2520\/revisions"}],"predecessor-version":[{"id":2523,"href":"https:\/\/keflavikurbudin.is\/index.php?rest_route=\/wp\/v2\/product\/2520\/revisions\/2523"}],"wp:featuredmedia":[{"embeddable":true,"href":"https:\/\/keflavikurbudin.is\/index.php?rest_route=\/wp\/v2\/media\/2521"}],"wp:attachment":[{"href":"https:\/\/keflavikurbudin.is\/index.php?rest_route=%2Fwp%2Fv2%2Fmedia&parent=2520"}],"wp:term":[{"taxonomy":"product_brand","embeddable":true,"href":"https:\/\/keflavikurbudin.is\/index.php?rest_route=%2Fwp%2Fv2%2Fproduct_brand&post=2520"},{"taxonomy":"product_cat","embeddable":true,"href":"https:\/\/keflavikurbudin.is\/index.php?rest_route=%2Fwp%2Fv2%2Fproduct_cat&post=2520"},{"taxonomy":"product_tag","embeddable":true,"href":"https:\/\/keflavikurbudin.is\/index.php?rest_route=%2Fwp%2Fv2%2Fproduct_tag&post=2520"}],"curies":[{"name":"wp","href":"https:\/\/api.w.org\/{rel}","templated":true}]}}