{"id":242,"date":"2021-02-22T22:19:38","date_gmt":"2021-02-22T22:19:38","guid":{"rendered":"https:\/\/keflavikurbudin.is\/?post_type=product&#038;p=242"},"modified":"2026-01-26T19:49:47","modified_gmt":"2026-01-26T19:49:47","slug":"bilnumerarammi-afram-keflavik","status":"publish","type":"product","link":"https:\/\/keflavikurbudin.is\/?product=bilnumerarammi-afram-keflavik","title":{"rendered":"B\u00edln\u00famerarammi &#8211; \u00c1fram Keflav\u00edk"},"content":{"rendered":"<p>Barna og unglingar\u00e1\u00f0 K\u00f6rfuknattleiksdeildar Keflav\u00edkur kynnir!<\/p>\n<p>Sett \u00e1 b\u00edlinn,- rammi utan um b\u00edln\u00fameri\u00f0 a\u00f0 framan og aftan,<\/p>\n<p>H\u00e6gt er a\u00f0 s\u00e6kja\u00a0 \u00e1n gjalds eftir samkomulagi i \u00cd\u00fer\u00f3ttah\u00fasinu vi\u00f0 Sunnubraut- hafi\u00f0 samband vi\u00f0 hjordis@keflavik.is<\/p>\n<p>Einnig er h\u00e6gt a\u00f0 velja a\u00f0 f\u00e1 heimsendingu innanlands fyrir gjald<\/p>\n<p>\u00c1fram Keflav\u00edk<\/p>\n","protected":false},"excerpt":{"rendered":"<p>Barna og unglingar\u00e1\u00f0 k\u00f6rfuknattleiksdeildar Keflav\u00edkur er a\u00f0 selja ramma utan um b\u00edln\u00famerin, kemur \u00ed setti.<\/p>\n","protected":false},"featured_media":249,"template":"","meta":[],"product_brand":[],"product_cat":[25,27],"product_tag":[],"class_list":{"0":"post-242","1":"product","2":"type-product","3":"status-publish","4":"has-post-thumbnail","6":"product_cat-karfan","7":"product_cat-keflavikurvorur","9":"first","10":"instock","11":"shipping-taxable","12":"purchasable","13":"product-type-simple"},"yoast_head":"<!-- This site is optimized with the Yoast SEO plugin v26.8 - https:\/\/yoast.com\/product\/yoast-seo-wordpress\/ -->\n<title>B\u00edln\u00famerarammi - \u00c1fram Keflav\u00edk - Keflav\u00edkurb\u00fa\u00f0in<\/title>\n<meta name=\"robots\" content=\"index, follow, max-snippet:-1, max-image-preview:large, max-video-preview:-1\" \/>\n<link rel=\"canonical\" href=\"https:\/\/keflavikurbudin.is\/?product=bilnumerarammi-afram-keflavik\" \/>\n<meta property=\"og:locale\" content=\"is_IS\" \/>\n<meta property=\"og:type\" content=\"article\" \/>\n<meta property=\"og:title\" content=\"B\u00edln\u00famerarammi - \u00c1fram Keflav\u00edk - Keflav\u00edkurb\u00fa\u00f0in\" \/>\n<meta property=\"og:description\" content=\"Barna og unglingar\u00e1\u00f0 k\u00f6rfuknattleiksdeildar Keflav\u00edkur er a\u00f0 selja ramma utan um b\u00edln\u00famerin, kemur \u00ed setti.\" \/>\n<meta property=\"og:url\" content=\"https:\/\/keflavikurbudin.is\/?product=bilnumerarammi-afram-keflavik\" \/>\n<meta property=\"og:site_name\" content=\"Keflav\u00edkurb\u00fa\u00f0in\" \/>\n<meta property=\"article:modified_time\" content=\"2026-01-26T19:49:47+00:00\" \/>\n<meta property=\"og:image\" content=\"https:\/\/keflavikurbudin.is\/wp-content\/uploads\/2021\/02\/Bilnumer.jpg\" \/>\n\t<meta property=\"og:image:width\" content=\"494\" \/>\n\t<meta property=\"og:image:height\" content=\"332\" \/>\n\t<meta property=\"og:image:type\" content=\"image\/jpeg\" \/>\n<meta name=\"twitter:card\" content=\"summary_large_image\" \/>\n<meta name=\"twitter:label1\" content=\"Est. reading time\" \/>\n\t<meta name=\"twitter:data1\" content=\"1 minute\" \/>\n<script type=\"application\/ld+json\" class=\"yoast-schema-graph\">{\"@context\":\"https:\/\/schema.org\",\"@graph\":[{\"@type\":\"WebPage\",\"@id\":\"https:\/\/keflavikurbudin.is\/?product=bilnumerarammi-afram-keflavik\",\"url\":\"https:\/\/keflavikurbudin.is\/?product=bilnumerarammi-afram-keflavik\",\"name\":\"B\u00edln\u00famerarammi - \u00c1fram Keflav\u00edk - Keflav\u00edkurb\u00fa\u00f0in\",\"isPartOf\":{\"@id\":\"https:\/\/keflavikurbudin.is\/#website\"},\"primaryImageOfPage\":{\"@id\":\"https:\/\/keflavikurbudin.is\/?product=bilnumerarammi-afram-keflavik#primaryimage\"},\"image\":{\"@id\":\"https:\/\/keflavikurbudin.is\/?product=bilnumerarammi-afram-keflavik#primaryimage\"},\"thumbnailUrl\":\"https:\/\/keflavikurbudin.is\/wp-content\/uploads\/2021\/02\/Bilnumer.jpg\",\"datePublished\":\"2021-02-22T22:19:38+00:00\",\"dateModified\":\"2026-01-26T19:49:47+00:00\",\"breadcrumb\":{\"@id\":\"https:\/\/keflavikurbudin.is\/?product=bilnumerarammi-afram-keflavik#breadcrumb\"},\"inLanguage\":\"is\",\"potentialAction\":[{\"@type\":\"ReadAction\",\"target\":[\"https:\/\/keflavikurbudin.is\/?product=bilnumerarammi-afram-keflavik\"]}]},{\"@type\":\"ImageObject\",\"inLanguage\":\"is\",\"@id\":\"https:\/\/keflavikurbudin.is\/?product=bilnumerarammi-afram-keflavik#primaryimage\",\"url\":\"https:\/\/keflavikurbudin.is\/wp-content\/uploads\/2021\/02\/Bilnumer.jpg\",\"contentUrl\":\"https:\/\/keflavikurbudin.is\/wp-content\/uploads\/2021\/02\/Bilnumer.jpg\",\"width\":494,\"height\":332},{\"@type\":\"BreadcrumbList\",\"@id\":\"https:\/\/keflavikurbudin.is\/?product=bilnumerarammi-afram-keflavik#breadcrumb\",\"itemListElement\":[{\"@type\":\"ListItem\",\"position\":1,\"name\":\"Home\",\"item\":\"https:\/\/keflavikurbudin.is\/\"},{\"@type\":\"ListItem\",\"position\":2,\"name\":\"Allar v\u00f6rur-test\",\"item\":\"https:\/\/keflavikurbudin.is\/?page_id=5\"},{\"@type\":\"ListItem\",\"position\":3,\"name\":\"B\u00edln\u00famerarammi &#8211; \u00c1fram Keflav\u00edk\"}]},{\"@type\":\"WebSite\",\"@id\":\"https:\/\/keflavikurbudin.is\/#website\",\"url\":\"https:\/\/keflavikurbudin.is\/\",\"name\":\"Keflav\u00edkurb\u00fa\u00f0in\",\"description\":\"\",\"publisher\":{\"@id\":\"https:\/\/keflavikurbudin.is\/#organization\"},\"potentialAction\":[{\"@type\":\"SearchAction\",\"target\":{\"@type\":\"EntryPoint\",\"urlTemplate\":\"https:\/\/keflavikurbudin.is\/?s={search_term_string}\"},\"query-input\":{\"@type\":\"PropertyValueSpecification\",\"valueRequired\":true,\"valueName\":\"search_term_string\"}}],\"inLanguage\":\"is\"},{\"@type\":\"Organization\",\"@id\":\"https:\/\/keflavikurbudin.is\/#organization\",\"name\":\"Keflav\u00edkurb\u00fa\u00f0in\",\"url\":\"https:\/\/keflavikurbudin.is\/\",\"logo\":{\"@type\":\"ImageObject\",\"inLanguage\":\"is\",\"@id\":\"https:\/\/keflavikurbudin.is\/#\/schema\/logo\/image\/\",\"url\":\"https:\/\/keflavikurbudin.is\/wp-content\/uploads\/2020\/12\/cropped-373_kefl_rgb.jpg\",\"contentUrl\":\"https:\/\/keflavikurbudin.is\/wp-content\/uploads\/2020\/12\/cropped-373_kefl_rgb.jpg\",\"width\":896,\"height\":942,\"caption\":\"Keflav\u00edkurb\u00fa\u00f0in\"},\"image\":{\"@id\":\"https:\/\/keflavikurbudin.is\/#\/schema\/logo\/image\/\"}}]}<\/script>\n<!-- \/ Yoast SEO plugin. -->","yoast_head_json":{"title":"B\u00edln\u00famerarammi - \u00c1fram Keflav\u00edk - Keflav\u00edkurb\u00fa\u00f0in","robots":{"index":"index","follow":"follow","max-snippet":"max-snippet:-1","max-image-preview":"max-image-preview:large","max-video-preview":"max-video-preview:-1"},"canonical":"https:\/\/keflavikurbudin.is\/?product=bilnumerarammi-afram-keflavik","og_locale":"is_IS","og_type":"article","og_title":"B\u00edln\u00famerarammi - \u00c1fram Keflav\u00edk - Keflav\u00edkurb\u00fa\u00f0in","og_description":"Barna og unglingar\u00e1\u00f0 k\u00f6rfuknattleiksdeildar Keflav\u00edkur er a\u00f0 selja ramma utan um b\u00edln\u00famerin, kemur \u00ed setti.","og_url":"https:\/\/keflavikurbudin.is\/?product=bilnumerarammi-afram-keflavik","og_site_name":"Keflav\u00edkurb\u00fa\u00f0in","article_modified_time":"2026-01-26T19:49:47+00:00","og_image":[{"width":494,"height":332,"url":"https:\/\/keflavikurbudin.is\/wp-content\/uploads\/2021\/02\/Bilnumer.jpg","type":"image\/jpeg"}],"twitter_card":"summary_large_image","twitter_misc":{"Est. reading time":"1 minute"},"schema":{"@context":"https:\/\/schema.org","@graph":[{"@type":"WebPage","@id":"https:\/\/keflavikurbudin.is\/?product=bilnumerarammi-afram-keflavik","url":"https:\/\/keflavikurbudin.is\/?product=bilnumerarammi-afram-keflavik","name":"B\u00edln\u00famerarammi - \u00c1fram Keflav\u00edk - Keflav\u00edkurb\u00fa\u00f0in","isPartOf":{"@id":"https:\/\/keflavikurbudin.is\/#website"},"primaryImageOfPage":{"@id":"https:\/\/keflavikurbudin.is\/?product=bilnumerarammi-afram-keflavik#primaryimage"},"image":{"@id":"https:\/\/keflavikurbudin.is\/?product=bilnumerarammi-afram-keflavik#primaryimage"},"thumbnailUrl":"https:\/\/keflavikurbudin.is\/wp-content\/uploads\/2021\/02\/Bilnumer.jpg","datePublished":"2021-02-22T22:19:38+00:00","dateModified":"2026-01-26T19:49:47+00:00","breadcrumb":{"@id":"https:\/\/keflavikurbudin.is\/?product=bilnumerarammi-afram-keflavik#breadcrumb"},"inLanguage":"is","potentialAction":[{"@type":"ReadAction","target":["https:\/\/keflavikurbudin.is\/?product=bilnumerarammi-afram-keflavik"]}]},{"@type":"ImageObject","inLanguage":"is","@id":"https:\/\/keflavikurbudin.is\/?product=bilnumerarammi-afram-keflavik#primaryimage","url":"https:\/\/keflavikurbudin.is\/wp-content\/uploads\/2021\/02\/Bilnumer.jpg","contentUrl":"https:\/\/keflavikurbudin.is\/wp-content\/uploads\/2021\/02\/Bilnumer.jpg","width":494,"height":332},{"@type":"BreadcrumbList","@id":"https:\/\/keflavikurbudin.is\/?product=bilnumerarammi-afram-keflavik#breadcrumb","itemListElement":[{"@type":"ListItem","position":1,"name":"Home","item":"https:\/\/keflavikurbudin.is\/"},{"@type":"ListItem","position":2,"name":"Allar v\u00f6rur-test","item":"https:\/\/keflavikurbudin.is\/?page_id=5"},{"@type":"ListItem","position":3,"name":"B\u00edln\u00famerarammi &#8211; \u00c1fram Keflav\u00edk"}]},{"@type":"WebSite","@id":"https:\/\/keflavikurbudin.is\/#website","url":"https:\/\/keflavikurbudin.is\/","name":"Keflav\u00edkurb\u00fa\u00f0in","description":"","publisher":{"@id":"https:\/\/keflavikurbudin.is\/#organization"},"potentialAction":[{"@type":"SearchAction","target":{"@type":"EntryPoint","urlTemplate":"https:\/\/keflavikurbudin.is\/?s={search_term_string}"},"query-input":{"@type":"PropertyValueSpecification","valueRequired":true,"valueName":"search_term_string"}}],"inLanguage":"is"},{"@type":"Organization","@id":"https:\/\/keflavikurbudin.is\/#organization","name":"Keflav\u00edkurb\u00fa\u00f0in","url":"https:\/\/keflavikurbudin.is\/","logo":{"@type":"ImageObject","inLanguage":"is","@id":"https:\/\/keflavikurbudin.is\/#\/schema\/logo\/image\/","url":"https:\/\/keflavikurbudin.is\/wp-content\/uploads\/2020\/12\/cropped-373_kefl_rgb.jpg","contentUrl":"https:\/\/keflavikurbudin.is\/wp-content\/uploads\/2020\/12\/cropped-373_kefl_rgb.jpg","width":896,"height":942,"caption":"Keflav\u00edkurb\u00fa\u00f0in"},"image":{"@id":"https:\/\/keflavikurbudin.is\/#\/schema\/logo\/image\/"}}]}},"jetpack_sharing_enabled":true,"_links":{"self":[{"href":"https:\/\/keflavikurbudin.is\/index.php?rest_route=\/wp\/v2\/product\/242","targetHints":{"allow":["GET"]}}],"collection":[{"href":"https:\/\/keflavikurbudin.is\/index.php?rest_route=\/wp\/v2\/product"}],"about":[{"href":"https:\/\/keflavikurbudin.is\/index.php?rest_route=\/wp\/v2\/types\/product"}],"version-history":[{"count":5,"href":"https:\/\/keflavikurbudin.is\/index.php?rest_route=\/wp\/v2\/product\/242\/revisions"}],"predecessor-version":[{"id":2371,"href":"https:\/\/keflavikurbudin.is\/index.php?rest_route=\/wp\/v2\/product\/242\/revisions\/2371"}],"wp:featuredmedia":[{"embeddable":true,"href":"https:\/\/keflavikurbudin.is\/index.php?rest_route=\/wp\/v2\/media\/249"}],"wp:attachment":[{"href":"https:\/\/keflavikurbudin.is\/index.php?rest_route=%2Fwp%2Fv2%2Fmedia&parent=242"}],"wp:term":[{"taxonomy":"product_brand","embeddable":true,"href":"https:\/\/keflavikurbudin.is\/index.php?rest_route=%2Fwp%2Fv2%2Fproduct_brand&post=242"},{"taxonomy":"product_cat","embeddable":true,"href":"https:\/\/keflavikurbudin.is\/index.php?rest_route=%2Fwp%2Fv2%2Fproduct_cat&post=242"},{"taxonomy":"product_tag","embeddable":true,"href":"https:\/\/keflavikurbudin.is\/index.php?rest_route=%2Fwp%2Fv2%2Fproduct_tag&post=242"}],"curies":[{"name":"wp","href":"https:\/\/api.w.org\/{rel}","templated":true}]}}