{"id":2316,"date":"2022-07-06T22:37:56","date_gmt":"2022-07-06T22:37:56","guid":{"rendered":"https:\/\/keflavikurbudin.is\/?post_type=product&#038;p=2316"},"modified":"2026-04-08T19:43:14","modified_gmt":"2026-04-08T19:43:14","slug":"keflavikur-derhufur-mismunandi-utgafur","status":"publish","type":"product","link":"https:\/\/keflavikurbudin.is\/?product=keflavikur-derhufur-mismunandi-utgafur","title":{"rendered":"Keflav\u00edkur derh\u00fafur- mismunandi \u00fatg\u00e1fur"},"content":{"rendered":"<p>Skemmtilegar og gl\u00e6silegar derh\u00fafur \u00ed mismunandi \u00fatg\u00e1fum.\u00a0 Veldu \u00fe\u00e9r \u00fe\u00edna h\u00fafu !<\/p>\n<p>H\u00e6gt er a\u00f0 s\u00e6kja h\u00fafuna \u00e1n gjalds eftir samkomulagi i \u00cd\u00fer\u00f3ttah\u00fasinu vi\u00f0 Sunnubraut- hafi\u00f0 samband vi\u00f0 hjordis@keflavik.is<\/p>\n<p>Einnig er h\u00e6gt a\u00f0 velja a\u00f0 f\u00e1 heimsendingu innanlands fyrir gjald<\/p>\n","protected":false},"excerpt":{"rendered":"<p>Skemmtilegar og gl\u00e6silegar derh\u00fafur \u00ed mismunandi \u00fatg\u00e1fum.\u00a0 Veldu \u00fe\u00e9r \u00fe\u00edna h\u00fafu ! H\u00e6gt er a\u00f0 s\u00e6kja h\u00fafuna \u00e1n gjalds eftir samkomulagi i \u00cd\u00fer\u00f3ttah\u00fasinu vi\u00f0 Sunnubraut- hafi\u00f0 samband vi\u00f0 hjordis@keflavik.is Einnig er h\u00e6gt a\u00f0 velja a\u00f0 f\u00e1 heimsendingu innanlands fyrir gjald<\/p>\n","protected":false},"featured_media":2976,"template":"","meta":[],"product_brand":[],"product_cat":[24,25,27,17,26,56],"product_tag":[],"class_list":{"0":"post-2316","1":"product","2":"type-product","3":"status-publish","4":"has-post-thumbnail","6":"product_cat-fullordinsstaerdir","7":"product_cat-karfan","8":"product_cat-keflavikurvorur","9":"product_cat-fatnadur","10":"product_cat-knattspyrnan","11":"product_cat-nyjar-vorur","12":"pa_derhufur-bla-med-k","13":"pa_derhufur-bla-med-rethro-k","14":"pa_derhufur-dokkbla-heil","15":"pa_derhufur-dokkbla-med-neti","16":"pa_derhufur-gul-med-k","17":"pa_derhufur-svort-heil","18":"pa_derhufur-svort-med-neti","19":"pa_derhufur-svort-med-rethro-k","21":"first","22":"instock","23":"featured","24":"shipping-taxable","25":"purchasable","26":"product-type-variable"},"yoast_head":"<!-- This site is optimized with the Yoast SEO plugin v26.8 - https:\/\/yoast.com\/product\/yoast-seo-wordpress\/ -->\n<title>Keflav\u00edkur derh\u00fafur- mismunandi \u00fatg\u00e1fur - Keflav\u00edkurb\u00fa\u00f0in<\/title>\n<meta name=\"robots\" content=\"index, follow, max-snippet:-1, max-image-preview:large, max-video-preview:-1\" \/>\n<link rel=\"canonical\" href=\"https:\/\/keflavikurbudin.is\/?product=keflavikur-derhufur-mismunandi-utgafur\" \/>\n<meta property=\"og:locale\" content=\"is_IS\" \/>\n<meta property=\"og:type\" content=\"article\" \/>\n<meta property=\"og:title\" content=\"Keflav\u00edkur derh\u00fafur- mismunandi \u00fatg\u00e1fur - Keflav\u00edkurb\u00fa\u00f0in\" \/>\n<meta property=\"og:description\" content=\"Skemmtilegar og gl\u00e6silegar derh\u00fafur \u00ed mismunandi \u00fatg\u00e1fum.\u00a0 Veldu \u00fe\u00e9r \u00fe\u00edna h\u00fafu ! H\u00e6gt er a\u00f0 s\u00e6kja h\u00fafuna \u00e1n gjalds eftir samkomulagi i \u00cd\u00fer\u00f3ttah\u00fasinu vi\u00f0 Sunnubraut- hafi\u00f0 samband vi\u00f0 hjordis@keflavik.is Einnig er h\u00e6gt a\u00f0 velja a\u00f0 f\u00e1 heimsendingu innanlands fyrir gjald\" \/>\n<meta property=\"og:url\" content=\"https:\/\/keflavikurbudin.is\/?product=keflavikur-derhufur-mismunandi-utgafur\" \/>\n<meta property=\"og:site_name\" content=\"Keflav\u00edkurb\u00fa\u00f0in\" \/>\n<meta property=\"article:modified_time\" content=\"2026-04-08T19:43:14+00:00\" \/>\n<meta property=\"og:image\" content=\"https:\/\/keflavikurbudin.is\/wp-content\/uploads\/2022\/07\/Derhufur-vorumynd-1.png\" \/>\n\t<meta property=\"og:image:width\" content=\"1080\" \/>\n\t<meta property=\"og:image:height\" content=\"1350\" \/>\n\t<meta property=\"og:image:type\" content=\"image\/png\" \/>\n<meta name=\"twitter:card\" content=\"summary_large_image\" \/>\n<meta name=\"twitter:label1\" content=\"Est. reading time\" \/>\n\t<meta name=\"twitter:data1\" content=\"1 minute\" \/>\n<script type=\"application\/ld+json\" class=\"yoast-schema-graph\">{\"@context\":\"https:\/\/schema.org\",\"@graph\":[{\"@type\":\"WebPage\",\"@id\":\"https:\/\/keflavikurbudin.is\/?product=keflavikur-derhufur-mismunandi-utgafur\",\"url\":\"https:\/\/keflavikurbudin.is\/?product=keflavikur-derhufur-mismunandi-utgafur\",\"name\":\"Keflav\u00edkur derh\u00fafur- mismunandi \u00fatg\u00e1fur - Keflav\u00edkurb\u00fa\u00f0in\",\"isPartOf\":{\"@id\":\"https:\/\/keflavikurbudin.is\/#website\"},\"primaryImageOfPage\":{\"@id\":\"https:\/\/keflavikurbudin.is\/?product=keflavikur-derhufur-mismunandi-utgafur#primaryimage\"},\"image\":{\"@id\":\"https:\/\/keflavikurbudin.is\/?product=keflavikur-derhufur-mismunandi-utgafur#primaryimage\"},\"thumbnailUrl\":\"https:\/\/keflavikurbudin.is\/wp-content\/uploads\/2022\/07\/Derhufur-vorumynd-1.png\",\"datePublished\":\"2022-07-06T22:37:56+00:00\",\"dateModified\":\"2026-04-08T19:43:14+00:00\",\"breadcrumb\":{\"@id\":\"https:\/\/keflavikurbudin.is\/?product=keflavikur-derhufur-mismunandi-utgafur#breadcrumb\"},\"inLanguage\":\"is\",\"potentialAction\":[{\"@type\":\"ReadAction\",\"target\":[\"https:\/\/keflavikurbudin.is\/?product=keflavikur-derhufur-mismunandi-utgafur\"]}]},{\"@type\":\"ImageObject\",\"inLanguage\":\"is\",\"@id\":\"https:\/\/keflavikurbudin.is\/?product=keflavikur-derhufur-mismunandi-utgafur#primaryimage\",\"url\":\"https:\/\/keflavikurbudin.is\/wp-content\/uploads\/2022\/07\/Derhufur-vorumynd-1.png\",\"contentUrl\":\"https:\/\/keflavikurbudin.is\/wp-content\/uploads\/2022\/07\/Derhufur-vorumynd-1.png\",\"width\":1080,\"height\":1350},{\"@type\":\"BreadcrumbList\",\"@id\":\"https:\/\/keflavikurbudin.is\/?product=keflavikur-derhufur-mismunandi-utgafur#breadcrumb\",\"itemListElement\":[{\"@type\":\"ListItem\",\"position\":1,\"name\":\"Home\",\"item\":\"https:\/\/keflavikurbudin.is\/\"},{\"@type\":\"ListItem\",\"position\":2,\"name\":\"Allar v\u00f6rur-test\",\"item\":\"https:\/\/keflavikurbudin.is\/?page_id=5\"},{\"@type\":\"ListItem\",\"position\":3,\"name\":\"Keflav\u00edkur derh\u00fafur- mismunandi \u00fatg\u00e1fur\"}]},{\"@type\":\"WebSite\",\"@id\":\"https:\/\/keflavikurbudin.is\/#website\",\"url\":\"https:\/\/keflavikurbudin.is\/\",\"name\":\"Keflav\u00edkurb\u00fa\u00f0in\",\"description\":\"\",\"publisher\":{\"@id\":\"https:\/\/keflavikurbudin.is\/#organization\"},\"potentialAction\":[{\"@type\":\"SearchAction\",\"target\":{\"@type\":\"EntryPoint\",\"urlTemplate\":\"https:\/\/keflavikurbudin.is\/?s={search_term_string}\"},\"query-input\":{\"@type\":\"PropertyValueSpecification\",\"valueRequired\":true,\"valueName\":\"search_term_string\"}}],\"inLanguage\":\"is\"},{\"@type\":\"Organization\",\"@id\":\"https:\/\/keflavikurbudin.is\/#organization\",\"name\":\"Keflav\u00edkurb\u00fa\u00f0in\",\"url\":\"https:\/\/keflavikurbudin.is\/\",\"logo\":{\"@type\":\"ImageObject\",\"inLanguage\":\"is\",\"@id\":\"https:\/\/keflavikurbudin.is\/#\/schema\/logo\/image\/\",\"url\":\"https:\/\/keflavikurbudin.is\/wp-content\/uploads\/2020\/12\/cropped-373_kefl_rgb.jpg\",\"contentUrl\":\"https:\/\/keflavikurbudin.is\/wp-content\/uploads\/2020\/12\/cropped-373_kefl_rgb.jpg\",\"width\":896,\"height\":942,\"caption\":\"Keflav\u00edkurb\u00fa\u00f0in\"},\"image\":{\"@id\":\"https:\/\/keflavikurbudin.is\/#\/schema\/logo\/image\/\"}}]}<\/script>\n<!-- \/ Yoast SEO plugin. -->","yoast_head_json":{"title":"Keflav\u00edkur derh\u00fafur- mismunandi \u00fatg\u00e1fur - Keflav\u00edkurb\u00fa\u00f0in","robots":{"index":"index","follow":"follow","max-snippet":"max-snippet:-1","max-image-preview":"max-image-preview:large","max-video-preview":"max-video-preview:-1"},"canonical":"https:\/\/keflavikurbudin.is\/?product=keflavikur-derhufur-mismunandi-utgafur","og_locale":"is_IS","og_type":"article","og_title":"Keflav\u00edkur derh\u00fafur- mismunandi \u00fatg\u00e1fur - Keflav\u00edkurb\u00fa\u00f0in","og_description":"Skemmtilegar og gl\u00e6silegar derh\u00fafur \u00ed mismunandi \u00fatg\u00e1fum.\u00a0 Veldu \u00fe\u00e9r \u00fe\u00edna h\u00fafu ! H\u00e6gt er a\u00f0 s\u00e6kja h\u00fafuna \u00e1n gjalds eftir samkomulagi i \u00cd\u00fer\u00f3ttah\u00fasinu vi\u00f0 Sunnubraut- hafi\u00f0 samband vi\u00f0 hjordis@keflavik.is Einnig er h\u00e6gt a\u00f0 velja a\u00f0 f\u00e1 heimsendingu innanlands fyrir gjald","og_url":"https:\/\/keflavikurbudin.is\/?product=keflavikur-derhufur-mismunandi-utgafur","og_site_name":"Keflav\u00edkurb\u00fa\u00f0in","article_modified_time":"2026-04-08T19:43:14+00:00","og_image":[{"width":1080,"height":1350,"url":"https:\/\/keflavikurbudin.is\/wp-content\/uploads\/2022\/07\/Derhufur-vorumynd-1.png","type":"image\/png"}],"twitter_card":"summary_large_image","twitter_misc":{"Est. reading time":"1 minute"},"schema":{"@context":"https:\/\/schema.org","@graph":[{"@type":"WebPage","@id":"https:\/\/keflavikurbudin.is\/?product=keflavikur-derhufur-mismunandi-utgafur","url":"https:\/\/keflavikurbudin.is\/?product=keflavikur-derhufur-mismunandi-utgafur","name":"Keflav\u00edkur derh\u00fafur- mismunandi \u00fatg\u00e1fur - Keflav\u00edkurb\u00fa\u00f0in","isPartOf":{"@id":"https:\/\/keflavikurbudin.is\/#website"},"primaryImageOfPage":{"@id":"https:\/\/keflavikurbudin.is\/?product=keflavikur-derhufur-mismunandi-utgafur#primaryimage"},"image":{"@id":"https:\/\/keflavikurbudin.is\/?product=keflavikur-derhufur-mismunandi-utgafur#primaryimage"},"thumbnailUrl":"https:\/\/keflavikurbudin.is\/wp-content\/uploads\/2022\/07\/Derhufur-vorumynd-1.png","datePublished":"2022-07-06T22:37:56+00:00","dateModified":"2026-04-08T19:43:14+00:00","breadcrumb":{"@id":"https:\/\/keflavikurbudin.is\/?product=keflavikur-derhufur-mismunandi-utgafur#breadcrumb"},"inLanguage":"is","potentialAction":[{"@type":"ReadAction","target":["https:\/\/keflavikurbudin.is\/?product=keflavikur-derhufur-mismunandi-utgafur"]}]},{"@type":"ImageObject","inLanguage":"is","@id":"https:\/\/keflavikurbudin.is\/?product=keflavikur-derhufur-mismunandi-utgafur#primaryimage","url":"https:\/\/keflavikurbudin.is\/wp-content\/uploads\/2022\/07\/Derhufur-vorumynd-1.png","contentUrl":"https:\/\/keflavikurbudin.is\/wp-content\/uploads\/2022\/07\/Derhufur-vorumynd-1.png","width":1080,"height":1350},{"@type":"BreadcrumbList","@id":"https:\/\/keflavikurbudin.is\/?product=keflavikur-derhufur-mismunandi-utgafur#breadcrumb","itemListElement":[{"@type":"ListItem","position":1,"name":"Home","item":"https:\/\/keflavikurbudin.is\/"},{"@type":"ListItem","position":2,"name":"Allar v\u00f6rur-test","item":"https:\/\/keflavikurbudin.is\/?page_id=5"},{"@type":"ListItem","position":3,"name":"Keflav\u00edkur derh\u00fafur- mismunandi \u00fatg\u00e1fur"}]},{"@type":"WebSite","@id":"https:\/\/keflavikurbudin.is\/#website","url":"https:\/\/keflavikurbudin.is\/","name":"Keflav\u00edkurb\u00fa\u00f0in","description":"","publisher":{"@id":"https:\/\/keflavikurbudin.is\/#organization"},"potentialAction":[{"@type":"SearchAction","target":{"@type":"EntryPoint","urlTemplate":"https:\/\/keflavikurbudin.is\/?s={search_term_string}"},"query-input":{"@type":"PropertyValueSpecification","valueRequired":true,"valueName":"search_term_string"}}],"inLanguage":"is"},{"@type":"Organization","@id":"https:\/\/keflavikurbudin.is\/#organization","name":"Keflav\u00edkurb\u00fa\u00f0in","url":"https:\/\/keflavikurbudin.is\/","logo":{"@type":"ImageObject","inLanguage":"is","@id":"https:\/\/keflavikurbudin.is\/#\/schema\/logo\/image\/","url":"https:\/\/keflavikurbudin.is\/wp-content\/uploads\/2020\/12\/cropped-373_kefl_rgb.jpg","contentUrl":"https:\/\/keflavikurbudin.is\/wp-content\/uploads\/2020\/12\/cropped-373_kefl_rgb.jpg","width":896,"height":942,"caption":"Keflav\u00edkurb\u00fa\u00f0in"},"image":{"@id":"https:\/\/keflavikurbudin.is\/#\/schema\/logo\/image\/"}}]}},"jetpack_sharing_enabled":true,"_links":{"self":[{"href":"https:\/\/keflavikurbudin.is\/index.php?rest_route=\/wp\/v2\/product\/2316","targetHints":{"allow":["GET"]}}],"collection":[{"href":"https:\/\/keflavikurbudin.is\/index.php?rest_route=\/wp\/v2\/product"}],"about":[{"href":"https:\/\/keflavikurbudin.is\/index.php?rest_route=\/wp\/v2\/types\/product"}],"version-history":[{"count":2,"href":"https:\/\/keflavikurbudin.is\/index.php?rest_route=\/wp\/v2\/product\/2316\/revisions"}],"predecessor-version":[{"id":2329,"href":"https:\/\/keflavikurbudin.is\/index.php?rest_route=\/wp\/v2\/product\/2316\/revisions\/2329"}],"wp:featuredmedia":[{"embeddable":true,"href":"https:\/\/keflavikurbudin.is\/index.php?rest_route=\/wp\/v2\/media\/2976"}],"wp:attachment":[{"href":"https:\/\/keflavikurbudin.is\/index.php?rest_route=%2Fwp%2Fv2%2Fmedia&parent=2316"}],"wp:term":[{"taxonomy":"product_brand","embeddable":true,"href":"https:\/\/keflavikurbudin.is\/index.php?rest_route=%2Fwp%2Fv2%2Fproduct_brand&post=2316"},{"taxonomy":"product_cat","embeddable":true,"href":"https:\/\/keflavikurbudin.is\/index.php?rest_route=%2Fwp%2Fv2%2Fproduct_cat&post=2316"},{"taxonomy":"product_tag","embeddable":true,"href":"https:\/\/keflavikurbudin.is\/index.php?rest_route=%2Fwp%2Fv2%2Fproduct_tag&post=2316"}],"curies":[{"name":"wp","href":"https:\/\/api.w.org\/{rel}","templated":true}]}}