{"id":1950,"date":"2021-07-07T11:53:13","date_gmt":"2021-07-07T11:53:13","guid":{"rendered":"https:\/\/keflavikurbudin.is\/?post_type=product&#038;p=1950"},"modified":"2025-06-26T11:47:04","modified_gmt":"2025-06-26T11:47:04","slug":"keflavikurteppi","status":"publish","type":"product","link":"https:\/\/keflavikurbudin.is\/?product=keflavikurteppi","title":{"rendered":"Keflav\u00edkurteppi"},"content":{"rendered":"<p>St\u00f3rgott Keflav\u00edkurmerkt fl\u00edsteppi.\u00a0 Kemur \u00ed nettum poka og au\u00f0velt a\u00f0 hafa me\u00f0 s\u00e9r hvert sem er.<\/p>\n","protected":false},"excerpt":{"rendered":"<p>St\u00f3rgott Keflav\u00edkurmerkt fl\u00edsteppi.\u00a0 Kemur \u00ed nettum poka og au\u00f0velt a\u00f0 hafa me\u00f0 s\u00e9r hvert sem er.<\/p>\n","protected":false},"featured_media":1951,"template":"","meta":[],"product_brand":[],"product_cat":[15,27,17,26],"product_tag":[],"class_list":{"0":"post-1950","1":"product","2":"type-product","3":"status-publish","4":"has-post-thumbnail","6":"product_cat-uncategorized","7":"product_cat-keflavikurvorur","8":"product_cat-fatnadur","9":"product_cat-knattspyrnan","11":"first","12":"instock","13":"featured","14":"shipping-taxable","15":"purchasable","16":"product-type-simple"},"yoast_head":"<!-- This site is optimized with the Yoast SEO plugin v26.8 - https:\/\/yoast.com\/product\/yoast-seo-wordpress\/ -->\n<title>Keflav\u00edkurteppi - Keflav\u00edkurb\u00fa\u00f0in<\/title>\n<meta name=\"robots\" content=\"index, follow, max-snippet:-1, max-image-preview:large, max-video-preview:-1\" \/>\n<link rel=\"canonical\" href=\"https:\/\/keflavikurbudin.is\/?product=keflavikurteppi\" \/>\n<meta property=\"og:locale\" content=\"is_IS\" \/>\n<meta property=\"og:type\" content=\"article\" \/>\n<meta property=\"og:title\" content=\"Keflav\u00edkurteppi - Keflav\u00edkurb\u00fa\u00f0in\" \/>\n<meta property=\"og:description\" content=\"St\u00f3rgott Keflav\u00edkurmerkt fl\u00edsteppi.\u00a0 Kemur \u00ed nettum poka og au\u00f0velt a\u00f0 hafa me\u00f0 s\u00e9r hvert sem er.\" \/>\n<meta property=\"og:url\" content=\"https:\/\/keflavikurbudin.is\/?product=keflavikurteppi\" \/>\n<meta property=\"og:site_name\" content=\"Keflav\u00edkurb\u00fa\u00f0in\" \/>\n<meta property=\"article:modified_time\" content=\"2025-06-26T11:47:04+00:00\" \/>\n<meta property=\"og:image\" content=\"https:\/\/keflavikurbudin.is\/wp-content\/uploads\/2021\/07\/Teppi_2-removebg-preview.png\" \/>\n\t<meta property=\"og:image:width\" content=\"375\" \/>\n\t<meta property=\"og:image:height\" content=\"666\" \/>\n\t<meta property=\"og:image:type\" content=\"image\/png\" \/>\n<meta name=\"twitter:card\" content=\"summary_large_image\" \/>\n<meta name=\"twitter:label1\" content=\"Est. reading time\" \/>\n\t<meta name=\"twitter:data1\" content=\"1 minute\" \/>\n<script type=\"application\/ld+json\" class=\"yoast-schema-graph\">{\"@context\":\"https:\/\/schema.org\",\"@graph\":[{\"@type\":\"WebPage\",\"@id\":\"https:\/\/keflavikurbudin.is\/?product=keflavikurteppi\",\"url\":\"https:\/\/keflavikurbudin.is\/?product=keflavikurteppi\",\"name\":\"Keflav\u00edkurteppi - Keflav\u00edkurb\u00fa\u00f0in\",\"isPartOf\":{\"@id\":\"https:\/\/keflavikurbudin.is\/#website\"},\"primaryImageOfPage\":{\"@id\":\"https:\/\/keflavikurbudin.is\/?product=keflavikurteppi#primaryimage\"},\"image\":{\"@id\":\"https:\/\/keflavikurbudin.is\/?product=keflavikurteppi#primaryimage\"},\"thumbnailUrl\":\"https:\/\/keflavikurbudin.is\/wp-content\/uploads\/2021\/07\/Teppi_2-removebg-preview.png\",\"datePublished\":\"2021-07-07T11:53:13+00:00\",\"dateModified\":\"2025-06-26T11:47:04+00:00\",\"breadcrumb\":{\"@id\":\"https:\/\/keflavikurbudin.is\/?product=keflavikurteppi#breadcrumb\"},\"inLanguage\":\"is\",\"potentialAction\":[{\"@type\":\"ReadAction\",\"target\":[\"https:\/\/keflavikurbudin.is\/?product=keflavikurteppi\"]}]},{\"@type\":\"ImageObject\",\"inLanguage\":\"is\",\"@id\":\"https:\/\/keflavikurbudin.is\/?product=keflavikurteppi#primaryimage\",\"url\":\"https:\/\/keflavikurbudin.is\/wp-content\/uploads\/2021\/07\/Teppi_2-removebg-preview.png\",\"contentUrl\":\"https:\/\/keflavikurbudin.is\/wp-content\/uploads\/2021\/07\/Teppi_2-removebg-preview.png\",\"width\":375,\"height\":666},{\"@type\":\"BreadcrumbList\",\"@id\":\"https:\/\/keflavikurbudin.is\/?product=keflavikurteppi#breadcrumb\",\"itemListElement\":[{\"@type\":\"ListItem\",\"position\":1,\"name\":\"Home\",\"item\":\"https:\/\/keflavikurbudin.is\/\"},{\"@type\":\"ListItem\",\"position\":2,\"name\":\"Allar v\u00f6rur-test\",\"item\":\"https:\/\/keflavikurbudin.is\/?page_id=5\"},{\"@type\":\"ListItem\",\"position\":3,\"name\":\"Keflav\u00edkurteppi\"}]},{\"@type\":\"WebSite\",\"@id\":\"https:\/\/keflavikurbudin.is\/#website\",\"url\":\"https:\/\/keflavikurbudin.is\/\",\"name\":\"Keflav\u00edkurb\u00fa\u00f0in\",\"description\":\"\",\"publisher\":{\"@id\":\"https:\/\/keflavikurbudin.is\/#organization\"},\"potentialAction\":[{\"@type\":\"SearchAction\",\"target\":{\"@type\":\"EntryPoint\",\"urlTemplate\":\"https:\/\/keflavikurbudin.is\/?s={search_term_string}\"},\"query-input\":{\"@type\":\"PropertyValueSpecification\",\"valueRequired\":true,\"valueName\":\"search_term_string\"}}],\"inLanguage\":\"is\"},{\"@type\":\"Organization\",\"@id\":\"https:\/\/keflavikurbudin.is\/#organization\",\"name\":\"Keflav\u00edkurb\u00fa\u00f0in\",\"url\":\"https:\/\/keflavikurbudin.is\/\",\"logo\":{\"@type\":\"ImageObject\",\"inLanguage\":\"is\",\"@id\":\"https:\/\/keflavikurbudin.is\/#\/schema\/logo\/image\/\",\"url\":\"https:\/\/keflavikurbudin.is\/wp-content\/uploads\/2020\/12\/cropped-373_kefl_rgb.jpg\",\"contentUrl\":\"https:\/\/keflavikurbudin.is\/wp-content\/uploads\/2020\/12\/cropped-373_kefl_rgb.jpg\",\"width\":896,\"height\":942,\"caption\":\"Keflav\u00edkurb\u00fa\u00f0in\"},\"image\":{\"@id\":\"https:\/\/keflavikurbudin.is\/#\/schema\/logo\/image\/\"}}]}<\/script>\n<!-- \/ Yoast SEO plugin. -->","yoast_head_json":{"title":"Keflav\u00edkurteppi - Keflav\u00edkurb\u00fa\u00f0in","robots":{"index":"index","follow":"follow","max-snippet":"max-snippet:-1","max-image-preview":"max-image-preview:large","max-video-preview":"max-video-preview:-1"},"canonical":"https:\/\/keflavikurbudin.is\/?product=keflavikurteppi","og_locale":"is_IS","og_type":"article","og_title":"Keflav\u00edkurteppi - Keflav\u00edkurb\u00fa\u00f0in","og_description":"St\u00f3rgott Keflav\u00edkurmerkt fl\u00edsteppi.\u00a0 Kemur \u00ed nettum poka og au\u00f0velt a\u00f0 hafa me\u00f0 s\u00e9r hvert sem er.","og_url":"https:\/\/keflavikurbudin.is\/?product=keflavikurteppi","og_site_name":"Keflav\u00edkurb\u00fa\u00f0in","article_modified_time":"2025-06-26T11:47:04+00:00","og_image":[{"width":375,"height":666,"url":"https:\/\/keflavikurbudin.is\/wp-content\/uploads\/2021\/07\/Teppi_2-removebg-preview.png","type":"image\/png"}],"twitter_card":"summary_large_image","twitter_misc":{"Est. reading time":"1 minute"},"schema":{"@context":"https:\/\/schema.org","@graph":[{"@type":"WebPage","@id":"https:\/\/keflavikurbudin.is\/?product=keflavikurteppi","url":"https:\/\/keflavikurbudin.is\/?product=keflavikurteppi","name":"Keflav\u00edkurteppi - Keflav\u00edkurb\u00fa\u00f0in","isPartOf":{"@id":"https:\/\/keflavikurbudin.is\/#website"},"primaryImageOfPage":{"@id":"https:\/\/keflavikurbudin.is\/?product=keflavikurteppi#primaryimage"},"image":{"@id":"https:\/\/keflavikurbudin.is\/?product=keflavikurteppi#primaryimage"},"thumbnailUrl":"https:\/\/keflavikurbudin.is\/wp-content\/uploads\/2021\/07\/Teppi_2-removebg-preview.png","datePublished":"2021-07-07T11:53:13+00:00","dateModified":"2025-06-26T11:47:04+00:00","breadcrumb":{"@id":"https:\/\/keflavikurbudin.is\/?product=keflavikurteppi#breadcrumb"},"inLanguage":"is","potentialAction":[{"@type":"ReadAction","target":["https:\/\/keflavikurbudin.is\/?product=keflavikurteppi"]}]},{"@type":"ImageObject","inLanguage":"is","@id":"https:\/\/keflavikurbudin.is\/?product=keflavikurteppi#primaryimage","url":"https:\/\/keflavikurbudin.is\/wp-content\/uploads\/2021\/07\/Teppi_2-removebg-preview.png","contentUrl":"https:\/\/keflavikurbudin.is\/wp-content\/uploads\/2021\/07\/Teppi_2-removebg-preview.png","width":375,"height":666},{"@type":"BreadcrumbList","@id":"https:\/\/keflavikurbudin.is\/?product=keflavikurteppi#breadcrumb","itemListElement":[{"@type":"ListItem","position":1,"name":"Home","item":"https:\/\/keflavikurbudin.is\/"},{"@type":"ListItem","position":2,"name":"Allar v\u00f6rur-test","item":"https:\/\/keflavikurbudin.is\/?page_id=5"},{"@type":"ListItem","position":3,"name":"Keflav\u00edkurteppi"}]},{"@type":"WebSite","@id":"https:\/\/keflavikurbudin.is\/#website","url":"https:\/\/keflavikurbudin.is\/","name":"Keflav\u00edkurb\u00fa\u00f0in","description":"","publisher":{"@id":"https:\/\/keflavikurbudin.is\/#organization"},"potentialAction":[{"@type":"SearchAction","target":{"@type":"EntryPoint","urlTemplate":"https:\/\/keflavikurbudin.is\/?s={search_term_string}"},"query-input":{"@type":"PropertyValueSpecification","valueRequired":true,"valueName":"search_term_string"}}],"inLanguage":"is"},{"@type":"Organization","@id":"https:\/\/keflavikurbudin.is\/#organization","name":"Keflav\u00edkurb\u00fa\u00f0in","url":"https:\/\/keflavikurbudin.is\/","logo":{"@type":"ImageObject","inLanguage":"is","@id":"https:\/\/keflavikurbudin.is\/#\/schema\/logo\/image\/","url":"https:\/\/keflavikurbudin.is\/wp-content\/uploads\/2020\/12\/cropped-373_kefl_rgb.jpg","contentUrl":"https:\/\/keflavikurbudin.is\/wp-content\/uploads\/2020\/12\/cropped-373_kefl_rgb.jpg","width":896,"height":942,"caption":"Keflav\u00edkurb\u00fa\u00f0in"},"image":{"@id":"https:\/\/keflavikurbudin.is\/#\/schema\/logo\/image\/"}}]}},"jetpack_sharing_enabled":true,"_links":{"self":[{"href":"https:\/\/keflavikurbudin.is\/index.php?rest_route=\/wp\/v2\/product\/1950","targetHints":{"allow":["GET"]}}],"collection":[{"href":"https:\/\/keflavikurbudin.is\/index.php?rest_route=\/wp\/v2\/product"}],"about":[{"href":"https:\/\/keflavikurbudin.is\/index.php?rest_route=\/wp\/v2\/types\/product"}],"version-history":[{"count":1,"href":"https:\/\/keflavikurbudin.is\/index.php?rest_route=\/wp\/v2\/product\/1950\/revisions"}],"predecessor-version":[{"id":1953,"href":"https:\/\/keflavikurbudin.is\/index.php?rest_route=\/wp\/v2\/product\/1950\/revisions\/1953"}],"wp:featuredmedia":[{"embeddable":true,"href":"https:\/\/keflavikurbudin.is\/index.php?rest_route=\/wp\/v2\/media\/1951"}],"wp:attachment":[{"href":"https:\/\/keflavikurbudin.is\/index.php?rest_route=%2Fwp%2Fv2%2Fmedia&parent=1950"}],"wp:term":[{"taxonomy":"product_brand","embeddable":true,"href":"https:\/\/keflavikurbudin.is\/index.php?rest_route=%2Fwp%2Fv2%2Fproduct_brand&post=1950"},{"taxonomy":"product_cat","embeddable":true,"href":"https:\/\/keflavikurbudin.is\/index.php?rest_route=%2Fwp%2Fv2%2Fproduct_cat&post=1950"},{"taxonomy":"product_tag","embeddable":true,"href":"https:\/\/keflavikurbudin.is\/index.php?rest_route=%2Fwp%2Fv2%2Fproduct_tag&post=1950"}],"curies":[{"name":"wp","href":"https:\/\/api.w.org\/{rel}","templated":true}]}}