{"id":129,"date":"2021-01-19T11:19:18","date_gmt":"2021-01-19T11:19:18","guid":{"rendered":"https:\/\/keflavikurbudin.is\/?page_id=129"},"modified":"2025-06-05T14:36:28","modified_gmt":"2025-06-05T14:36:28","slug":"homepage","status":"publish","type":"page","link":"https:\/\/keflavikurbudin.is\/","title":{"rendered":"Fors\u00ed\u00f0a"},"content":{"rendered":"<h2>Veldu v\u00f6ruflokk h\u00e9r a\u00f0 ne\u00f0an<\/h2>\n<div class=\"woocommerce columns-4\"><ul class=\"products columns-4\">\n<li class=\"product-category product first\">\n\t<a aria-label=\"Visit product category Keflav\u00edkurv\u00f6rur\" href=\"https:\/\/keflavikurbudin.is\/?product_cat=keflavikurvorur\"><img fetchpriority=\"high\" decoding=\"async\" src=\"https:\/\/keflavikurbudin.is\/wp-content\/uploads\/2021\/05\/kefvorur.png\" alt=\"Keflav\u00edkurv\u00f6rur\" width=\"324\" height=\"324\" srcset=\"https:\/\/keflavikurbudin.is\/wp-content\/uploads\/2021\/05\/kefvorur.png 296w, https:\/\/keflavikurbudin.is\/wp-content\/uploads\/2021\/05\/kefvorur-150x150.png 150w, https:\/\/keflavikurbudin.is\/wp-content\/uploads\/2021\/05\/kefvorur-100x100.png 100w\" sizes=\"(max-width: 296px) 100vw, 296px\" \/>\t\t<h2 class=\"woocommerce-loop-category__title\">\n\t\t\tKeflav\u00edkurv\u00f6rur <mark class=\"count\">(28)<\/mark>\t\t<\/h2>\n\t\t<\/a><\/li>\n<li class=\"product-category product\">\n\t<a aria-label=\"Visit product category Knattspyrnan\" href=\"https:\/\/keflavikurbudin.is\/?product_cat=knattspyrnan\"><img decoding=\"async\" src=\"https:\/\/keflavikurbudin.is\/wp-content\/uploads\/2021\/05\/fotboltinn.png\" alt=\"Knattspyrnan\" width=\"324\" height=\"324\" srcset=\"https:\/\/keflavikurbudin.is\/wp-content\/uploads\/2021\/05\/fotboltinn.png 296w, https:\/\/keflavikurbudin.is\/wp-content\/uploads\/2021\/05\/fotboltinn-150x150.png 150w, https:\/\/keflavikurbudin.is\/wp-content\/uploads\/2021\/05\/fotboltinn-100x100.png 100w\" sizes=\"(max-width: 296px) 100vw, 296px\" \/>\t\t<h2 class=\"woocommerce-loop-category__title\">\n\t\t\tKnattspyrnan <mark class=\"count\">(25)<\/mark>\t\t<\/h2>\n\t\t<\/a><\/li>\n<li class=\"product-category product\">\n\t<a aria-label=\"Visit product category Knattspyrna\" href=\"https:\/\/keflavikurbudin.is\/?product_cat=fatnadur\"><img decoding=\"async\" src=\"https:\/\/keflavikurbudin.is\/wp-content\/uploads\/2021\/05\/fatnadur.png\" alt=\"Knattspyrna\" width=\"324\" height=\"324\" srcset=\"https:\/\/keflavikurbudin.is\/wp-content\/uploads\/2021\/05\/fatnadur.png 296w, https:\/\/keflavikurbudin.is\/wp-content\/uploads\/2021\/05\/fatnadur-150x150.png 150w, https:\/\/keflavikurbudin.is\/wp-content\/uploads\/2021\/05\/fatnadur-100x100.png 100w\" sizes=\"(max-width: 296px) 100vw, 296px\" \/>\t\t<h2 class=\"woocommerce-loop-category__title\">\n\t\t\tKnattspyrna <mark class=\"count\">(24)<\/mark>\t\t<\/h2>\n\t\t<\/a><\/li>\n<li class=\"product-category product last\">\n\t<a aria-label=\"Visit product category Karfan\" href=\"https:\/\/keflavikurbudin.is\/?product_cat=karfan\"><img loading=\"lazy\" decoding=\"async\" src=\"https:\/\/keflavikurbudin.is\/wp-content\/uploads\/2021\/05\/karfan.png\" alt=\"Karfan\" width=\"324\" height=\"324\" srcset=\"https:\/\/keflavikurbudin.is\/wp-content\/uploads\/2021\/05\/karfan.png 296w, https:\/\/keflavikurbudin.is\/wp-content\/uploads\/2021\/05\/karfan-150x150.png 150w, https:\/\/keflavikurbudin.is\/wp-content\/uploads\/2021\/05\/karfan-100x100.png 100w\" sizes=\"(max-width: 296px) 100vw, 296px\" \/>\t\t<h2 class=\"woocommerce-loop-category__title\">\n\t\t\tKarfan <mark class=\"count\">(19)<\/mark>\t\t<\/h2>\n\t\t<\/a><\/li>\n<\/ul>\n<\/div>\n<h2>Vins\u00e6lar v\u00f6rur \u00ed augnablikinu<\/h2>\n","protected":false},"excerpt":{"rendered":"<p>Veldu v\u00f6ruflokk h\u00e9r a\u00f0 ne\u00f0an Vins\u00e6lar v\u00f6rur \u00ed augnablikinu<\/p>\n","protected":false},"author":1,"featured_media":0,"parent":0,"menu_order":0,"comment_status":"closed","ping_status":"closed","template":"elementor_header_footer","meta":{"footnotes":""},"class_list":["post-129","page","type-page","status-publish","hentry"],"yoast_head":"<!-- This site is optimized with the Yoast SEO plugin v26.8 - https:\/\/yoast.com\/product\/yoast-seo-wordpress\/ -->\n<title>Fors\u00ed\u00f0a - Keflav\u00edkurb\u00fa\u00f0in<\/title>\n<meta name=\"robots\" content=\"index, follow, max-snippet:-1, max-image-preview:large, max-video-preview:-1\" \/>\n<link rel=\"canonical\" href=\"https:\/\/keflavikurbudin.is\/\" \/>\n<meta property=\"og:locale\" content=\"is_IS\" \/>\n<meta property=\"og:type\" content=\"article\" \/>\n<meta property=\"og:title\" content=\"Fors\u00ed\u00f0a - Keflav\u00edkurb\u00fa\u00f0in\" \/>\n<meta property=\"og:description\" content=\"Veldu v\u00f6ruflokk h\u00e9r a\u00f0 ne\u00f0an Vins\u00e6lar v\u00f6rur \u00ed augnablikinu\" \/>\n<meta property=\"og:url\" content=\"https:\/\/keflavikurbudin.is\/\" \/>\n<meta property=\"og:site_name\" content=\"Keflav\u00edkurb\u00fa\u00f0in\" \/>\n<meta property=\"article:modified_time\" content=\"2025-06-05T14:36:28+00:00\" \/>\n<meta name=\"twitter:card\" content=\"summary_large_image\" \/>\n<meta name=\"twitter:label1\" content=\"Est. reading time\" \/>\n\t<meta name=\"twitter:data1\" content=\"1 minute\" \/>\n<script type=\"application\/ld+json\" class=\"yoast-schema-graph\">{\"@context\":\"https:\/\/schema.org\",\"@graph\":[{\"@type\":\"WebPage\",\"@id\":\"https:\/\/keflavikurbudin.is\/\",\"url\":\"https:\/\/keflavikurbudin.is\/\",\"name\":\"Fors\u00ed\u00f0a - Keflav\u00edkurb\u00fa\u00f0in\",\"isPartOf\":{\"@id\":\"https:\/\/keflavikurbudin.is\/#website\"},\"datePublished\":\"2021-01-19T11:19:18+00:00\",\"dateModified\":\"2025-06-05T14:36:28+00:00\",\"breadcrumb\":{\"@id\":\"https:\/\/keflavikurbudin.is\/#breadcrumb\"},\"inLanguage\":\"is\",\"potentialAction\":[{\"@type\":\"ReadAction\",\"target\":[\"https:\/\/keflavikurbudin.is\/\"]}]},{\"@type\":\"BreadcrumbList\",\"@id\":\"https:\/\/keflavikurbudin.is\/#breadcrumb\",\"itemListElement\":[{\"@type\":\"ListItem\",\"position\":1,\"name\":\"Home\",\"item\":\"https:\/\/keflavikurbudin.is\/\"},{\"@type\":\"ListItem\",\"position\":2,\"name\":\"Fors\u00ed\u00f0a\"}]},{\"@type\":\"WebSite\",\"@id\":\"https:\/\/keflavikurbudin.is\/#website\",\"url\":\"https:\/\/keflavikurbudin.is\/\",\"name\":\"Keflav\u00edkurb\u00fa\u00f0in\",\"description\":\"\",\"publisher\":{\"@id\":\"https:\/\/keflavikurbudin.is\/#organization\"},\"potentialAction\":[{\"@type\":\"SearchAction\",\"target\":{\"@type\":\"EntryPoint\",\"urlTemplate\":\"https:\/\/keflavikurbudin.is\/?s={search_term_string}\"},\"query-input\":{\"@type\":\"PropertyValueSpecification\",\"valueRequired\":true,\"valueName\":\"search_term_string\"}}],\"inLanguage\":\"is\"},{\"@type\":\"Organization\",\"@id\":\"https:\/\/keflavikurbudin.is\/#organization\",\"name\":\"Keflav\u00edkurb\u00fa\u00f0in\",\"url\":\"https:\/\/keflavikurbudin.is\/\",\"logo\":{\"@type\":\"ImageObject\",\"inLanguage\":\"is\",\"@id\":\"https:\/\/keflavikurbudin.is\/#\/schema\/logo\/image\/\",\"url\":\"https:\/\/keflavikurbudin.is\/wp-content\/uploads\/2020\/12\/cropped-373_kefl_rgb.jpg\",\"contentUrl\":\"https:\/\/keflavikurbudin.is\/wp-content\/uploads\/2020\/12\/cropped-373_kefl_rgb.jpg\",\"width\":896,\"height\":942,\"caption\":\"Keflav\u00edkurb\u00fa\u00f0in\"},\"image\":{\"@id\":\"https:\/\/keflavikurbudin.is\/#\/schema\/logo\/image\/\"}}]}<\/script>\n<!-- \/ Yoast SEO plugin. -->","yoast_head_json":{"title":"Fors\u00ed\u00f0a - Keflav\u00edkurb\u00fa\u00f0in","robots":{"index":"index","follow":"follow","max-snippet":"max-snippet:-1","max-image-preview":"max-image-preview:large","max-video-preview":"max-video-preview:-1"},"canonical":"https:\/\/keflavikurbudin.is\/","og_locale":"is_IS","og_type":"article","og_title":"Fors\u00ed\u00f0a - Keflav\u00edkurb\u00fa\u00f0in","og_description":"Veldu v\u00f6ruflokk h\u00e9r a\u00f0 ne\u00f0an Vins\u00e6lar v\u00f6rur \u00ed augnablikinu","og_url":"https:\/\/keflavikurbudin.is\/","og_site_name":"Keflav\u00edkurb\u00fa\u00f0in","article_modified_time":"2025-06-05T14:36:28+00:00","twitter_card":"summary_large_image","twitter_misc":{"Est. reading time":"1 minute"},"schema":{"@context":"https:\/\/schema.org","@graph":[{"@type":"WebPage","@id":"https:\/\/keflavikurbudin.is\/","url":"https:\/\/keflavikurbudin.is\/","name":"Fors\u00ed\u00f0a - Keflav\u00edkurb\u00fa\u00f0in","isPartOf":{"@id":"https:\/\/keflavikurbudin.is\/#website"},"datePublished":"2021-01-19T11:19:18+00:00","dateModified":"2025-06-05T14:36:28+00:00","breadcrumb":{"@id":"https:\/\/keflavikurbudin.is\/#breadcrumb"},"inLanguage":"is","potentialAction":[{"@type":"ReadAction","target":["https:\/\/keflavikurbudin.is\/"]}]},{"@type":"BreadcrumbList","@id":"https:\/\/keflavikurbudin.is\/#breadcrumb","itemListElement":[{"@type":"ListItem","position":1,"name":"Home","item":"https:\/\/keflavikurbudin.is\/"},{"@type":"ListItem","position":2,"name":"Fors\u00ed\u00f0a"}]},{"@type":"WebSite","@id":"https:\/\/keflavikurbudin.is\/#website","url":"https:\/\/keflavikurbudin.is\/","name":"Keflav\u00edkurb\u00fa\u00f0in","description":"","publisher":{"@id":"https:\/\/keflavikurbudin.is\/#organization"},"potentialAction":[{"@type":"SearchAction","target":{"@type":"EntryPoint","urlTemplate":"https:\/\/keflavikurbudin.is\/?s={search_term_string}"},"query-input":{"@type":"PropertyValueSpecification","valueRequired":true,"valueName":"search_term_string"}}],"inLanguage":"is"},{"@type":"Organization","@id":"https:\/\/keflavikurbudin.is\/#organization","name":"Keflav\u00edkurb\u00fa\u00f0in","url":"https:\/\/keflavikurbudin.is\/","logo":{"@type":"ImageObject","inLanguage":"is","@id":"https:\/\/keflavikurbudin.is\/#\/schema\/logo\/image\/","url":"https:\/\/keflavikurbudin.is\/wp-content\/uploads\/2020\/12\/cropped-373_kefl_rgb.jpg","contentUrl":"https:\/\/keflavikurbudin.is\/wp-content\/uploads\/2020\/12\/cropped-373_kefl_rgb.jpg","width":896,"height":942,"caption":"Keflav\u00edkurb\u00fa\u00f0in"},"image":{"@id":"https:\/\/keflavikurbudin.is\/#\/schema\/logo\/image\/"}}]}},"jetpack_sharing_enabled":true,"_links":{"self":[{"href":"https:\/\/keflavikurbudin.is\/index.php?rest_route=\/wp\/v2\/pages\/129","targetHints":{"allow":["GET"]}}],"collection":[{"href":"https:\/\/keflavikurbudin.is\/index.php?rest_route=\/wp\/v2\/pages"}],"about":[{"href":"https:\/\/keflavikurbudin.is\/index.php?rest_route=\/wp\/v2\/types\/page"}],"author":[{"embeddable":true,"href":"https:\/\/keflavikurbudin.is\/index.php?rest_route=\/wp\/v2\/users\/1"}],"replies":[{"embeddable":true,"href":"https:\/\/keflavikurbudin.is\/index.php?rest_route=%2Fwp%2Fv2%2Fcomments&post=129"}],"version-history":[{"count":41,"href":"https:\/\/keflavikurbudin.is\/index.php?rest_route=\/wp\/v2\/pages\/129\/revisions"}],"predecessor-version":[{"id":219,"href":"https:\/\/keflavikurbudin.is\/index.php?rest_route=\/wp\/v2\/pages\/129\/revisions\/219"}],"wp:attachment":[{"href":"https:\/\/keflavikurbudin.is\/index.php?rest_route=%2Fwp%2Fv2%2Fmedia&parent=129"}],"curies":[{"name":"wp","href":"https:\/\/api.w.org\/{rel}","templated":true}]}}